{"id":9784,"date":"2023-10-23T08:47:56","date_gmt":"2023-10-23T08:47:56","guid":{"rendered":"https:\/\/www.luxuryevent.be\/?post_type=product&#038;p=9784"},"modified":"2024-05-22T14:03:49","modified_gmt":"2024-05-22T14:03:49","slug":"siniya-marocaine","status":"publish","type":"product","link":"https:\/\/www.luxuryevent.be\/nl\/product\/siniya-marocaine\/","title":{"rendered":"Marokkaanse Siniya"},"content":{"rendered":"<p>Geef je evenementen een authentiek en verfijnd tintje met onze Marokkaanse Siniya verhuurservice. Ontdek wat we te bieden hebben:<\/p>\n<ul>\n<li><strong>Ophalen\/terugbrengen door ons<\/strong> naar het adres van je keuze, voor een zorgeloze ervaring.<\/li>\n<li>De <strong>Eerste 30 kilometer gratis<\/strong> (met vertrek vanuit Brussel), met een tarief van slechts \u20ac0,30 per extra kilometer.<\/li>\n<\/ul>","protected":false},"excerpt":{"rendered":"<p>Huur onze Marokkaanse Siniya om een vleugje authenticiteit en verfijning toe te voegen aan je speciale evenementen. Het belichaamt de elegantie van de Marokkaanse cultuur en kan worden gebruikt als middelpunt om geschenken, hapjes, verrassingen en meer te presenteren. Een unieke ervaring voor uw feesten.<\/p>","protected":false},"featured_media":9786,"comment_status":"open","ping_status":"closed","template":"","meta":{"content-type":""},"product_cat":[125],"product_tag":[160],"wcpa_form_fields":{"wcpaData":{"product":{"product_price":60,"price_html":"<span class=\"woocommerce-Price-amount amount\"><bdi><span class=\"woocommerce-Price-currencySymbol\">&euro;<\/span>60.00<\/bdi><\/span> <span class=\"uom\">- (prix par jour)<\/span>","original_product_price":60,"price_including_tax":60,"price_excluding_tax":60,"product_id":{"parent":9784,"variation":false},"is_variable":false,"stock_status":"instock","stock_quantity":null,"parent_sku":"","product_attributes":{"livraison":{"is_variation":false,"values":["Nous disposons de v\u00e9hicules pour vous livrer dans toute la Belgique en 2 jours"]},"disponibilite":{"is_variation":false,"values":["Votre location est r\u00e9cup\u00e9rable 1 jour avant la date de d\u00e9but de location \u00e0 partir de 14h00."]},"location":{"is_variation":false,"values":["Pour louer vos produits, vous pouvez choisir une date, la quantit\u00e9 et le nombre de jours soit directement via notre boutique en ligne ou en appelant directement le +32 487 102 252"]},"pa_type-de-materiel":{"is_variation":false,"values":["machine"]},"pa_couleur":{"is_variation":false,"values":["argente","blanc","bleu","dore","noir"]}},"custom_fields":[],"is_taxable":false,"product_name":"Siniya Marocaine"},"fields":{"sec_869f4a45d64c70":{"extra":{"key":"sec_869f4a45d64c70","section_id":"sec_869f4a45d64c70","name":"Standaard","status":1,"cl_rule":"show","enableCl":false,"relations":[],"toggle":true,"title_tag":"h3","show_title":false,"showPrice":"default","form_id":5163,"form_rules":{"exclude_from_discount":false,"fee_label":"Vergoeding","disp_hide_options_price":false,"disp_show_section_price":false,"disp_show_field_price":true,"layout_option":"standard","pric_use_as_fee":false,"process_fee_as":"woo_fee"},"layout_option":"standard"},"fields":[[{"type":"date","elementId":"wcpa-date-1715524842551","label":"Date de location","placeholder":"Ex : 20\/05\/2024","pricingType":"fixed","name":"date-1715524842551","min_date":"None","max_date":"None","cl_rule":"show","col":6,"relations":false,"active":true,"tooltip":"","picker_mode":"single","gt_translate_keys":["label","placeholder","tooltip"],"price_dependency":false,"cl_dependency":false,"value":""}],[{"type":"number","elementId":"wcpa-number-1637076052678","label":"Choisir la quantit\u00e9","value":"1","pricingType":"custom","price":"({field.wcpa-number-1636653070036.price}*{value})","min":"1","name":"number-1637076052678","cl_rule":"show","col":6,"relations":false,"active":true,"tooltip":"","gt_translate_keys":["label","value","tooltip"],"price_dependency":["wcpa-number-1636653070036"],"cl_dependency":false}],[{"type":"number","elementId":"wcpa-number-1636653070036","label":"Nombre de jours","value":"1","enablePrice":true,"pricingType":"custom","price":"({product_price}*{value}*{field.wcpa-number-1637076052678.value})-{product_price}","name":"number-1636653070036","cl_rule":"show","col":6,"relations":false,"active":true,"tooltip":"","gt_translate_keys":["label","value","tooltip"],"price_dependency":false,"cl_dependency":false}]]}},"config":{"price_override":"","enable_recaptcha":false,"bind_quantity":false,"quantity_bind_formula":false,"disp_summ_show_option_price":true,"disp_summ_show_product_price":true,"disp_summ_show_total_price":true,"disp_summ_show_fee":false,"disp_summ_show_discount":false,"summary_title":"","options_total_label":"Prijs opties","total_label":"Totaal","options_product_label":"Product Prijs","fee_label":"Vergoeding","discount_label":"Korting","has_price":true,"has_quantity_formula":false},"mc_unit":1,"tax_rate":1,"tax_rate_real":1,"discount":{"percentage":0,"fixed":0},"design":{"conf":{"LabelPosition":"above","DescPosition":"above","UploadField":"custom_1","QuantityFieldStyle":"default"},"css":{"LeftLabelWidth":"120px"}},"formulas":[],"clones":false,"cartKey":false}},"_links":{"self":[{"href":"https:\/\/www.luxuryevent.be\/nl\/wp-json\/wp\/v2\/product\/9784"}],"collection":[{"href":"https:\/\/www.luxuryevent.be\/nl\/wp-json\/wp\/v2\/product"}],"about":[{"href":"https:\/\/www.luxuryevent.be\/nl\/wp-json\/wp\/v2\/types\/product"}],"replies":[{"embeddable":true,"href":"https:\/\/www.luxuryevent.be\/nl\/wp-json\/wp\/v2\/comments?post=9784"}],"version-history":[{"count":1,"href":"https:\/\/www.luxuryevent.be\/nl\/wp-json\/wp\/v2\/product\/9784\/revisions"}],"predecessor-version":[{"id":9789,"href":"https:\/\/www.luxuryevent.be\/nl\/wp-json\/wp\/v2\/product\/9784\/revisions\/9789"}],"wp:featuredmedia":[{"embeddable":true,"href":"https:\/\/www.luxuryevent.be\/nl\/wp-json\/wp\/v2\/media\/9786"}],"wp:attachment":[{"href":"https:\/\/www.luxuryevent.be\/nl\/wp-json\/wp\/v2\/media?parent=9784"}],"wp:term":[{"taxonomy":"product_cat","embeddable":true,"href":"https:\/\/www.luxuryevent.be\/nl\/wp-json\/wp\/v2\/product_cat?post=9784"},{"taxonomy":"product_tag","embeddable":true,"href":"https:\/\/www.luxuryevent.be\/nl\/wp-json\/wp\/v2\/product_tag?post=9784"}],"curies":[{"name":"wp","href":"https:\/\/api.w.org\/{rel}","templated":true}]}}