{"id":9260,"date":"2023-06-04T11:57:55","date_gmt":"2023-06-04T11:57:55","guid":{"rendered":"https:\/\/www.luxuryevent.be\/?post_type=product&#038;p=9260"},"modified":"2026-03-24T15:35:38","modified_gmt":"2026-03-24T15:35:38","slug":"machine-hotdog","status":"publish","type":"product","link":"https:\/\/www.luxuryevent.be\/nl\/product\/machine-hotdog\/","title":{"rendered":"HotDog-machine"},"content":{"rendered":"<p data-start=\"0\" data-end=\"188\">Offrez une exp\u00e9rience gourmande et professionnelle avec notre machine \u00e0 hot-dogs en location, id\u00e9ale pour tous vos \u00e9v\u00e9nements (soir\u00e9es, festivals, anniversaires, \u00e9v\u00e9nements d\u2019entreprise\u2026).<\/p>\n<p data-start=\"190\" data-end=\"577\">Con\u00e7ue pour r\u00e9pondre aux besoins des grands rassemblements, cette machine permet une <strong data-start=\"275\" data-end=\"296\">production \u00e9lev\u00e9e<\/strong>, pouvant chauffer jusqu\u2019\u00e0 <strong data-start=\"323\" data-end=\"373\">200 saucisses et 50 petits pains simultan\u00e9ment<\/strong>. Sa <strong data-start=\"378\" data-end=\"418\">pr\u00e9sentation soign\u00e9e et app\u00e9tissante<\/strong>, gr\u00e2ce \u00e0 son bo\u00eetier color\u00e9 et ses <strong data-start=\"454\" data-end=\"493\">portes coulissantes en verre tremp\u00e9<\/strong>, attire imm\u00e9diatement l\u2019attention de vos invit\u00e9s et met en valeur vos pr\u00e9parations.<\/p>\n<p data-start=\"579\" data-end=\"868\">Dot\u00e9e d\u2019un <strong data-start=\"590\" data-end=\"651\">contr\u00f4le pr\u00e9cis de la temp\u00e9rature r\u00e9glable de 30 \u00e0 110 \u00b0C<\/strong>, elle garantit une cuisson homog\u00e8ne et un maintien au chaud optimal tout au long de votre \u00e9v\u00e9nement. Sa <strong data-start=\"756\" data-end=\"797\">structure robuste en acier inoxydable<\/strong> assure fiabilit\u00e9, durabilit\u00e9 et utilisation intensive sans contrainte.<\/p>\n<p data-start=\"870\" data-end=\"1035\">Pratique \u00e0 utiliser, elle est \u00e9galement pens\u00e9e pour un <strong data-start=\"925\" data-end=\"955\">entretien simple et rapide<\/strong>, gr\u00e2ce \u00e0 sa <strong data-start=\"968\" data-end=\"988\">vanne de vidange<\/strong> et ses \u00e9l\u00e9ments amovibles (\u00e9tag\u00e8re et portes).<\/p>\n<p data-start=\"1037\" data-end=\"1197\" data-is-last-node=\"\" data-is-only-node=\"\">\ud83d\udc49 Un \u00e9quipement incontournable pour proposer des hot-dogs savoureux et professionnels, tout en apportant une touche conviviale et attractive \u00e0 votre \u00e9v\u00e9nemen<\/p>","protected":false},"excerpt":{"rendered":"<p>Con\u00e7ue pour r\u00e9pondre aux besoins des grands rassemblements, cette machine permet une <strong data-start=\"275\" data-end=\"296\">production \u00e9lev\u00e9e<\/strong>, pouvant chauffer jusqu\u2019\u00e0 <strong data-start=\"323\" data-end=\"373\">200 saucisses et 50 petits pains simultan\u00e9ment<\/strong>. Sa <strong data-start=\"378\" data-end=\"418\">pr\u00e9sentation soign\u00e9e et app\u00e9tissante<\/strong>, gr\u00e2ce \u00e0 son bo\u00eetier color\u00e9 et ses <strong data-start=\"454\" data-end=\"493\">portes coulissantes en verre tremp\u00e9<\/strong>, attire imm\u00e9diatement l\u2019attention de vos invit\u00e9s et met en valeur vos pr\u00e9parations.<\/p>","protected":false},"featured_media":9302,"comment_status":"open","ping_status":"closed","template":"","meta":{"content-type":""},"product_cat":[76],"product_tag":[160],"wcpa_form_fields":{"wcpaData":{"product":{"product_price":60,"price_html":"<span class=\"woocommerce-Price-amount amount\"><bdi><span class=\"woocommerce-Price-currencySymbol\">&euro;<\/span>60.00<\/bdi><\/span> <span class=\"uom\">par jour<\/span>","original_product_price":60,"price_including_tax":60,"price_excluding_tax":60,"product_id":{"parent":9260,"variation":false},"is_variable":false,"stock_status":"instock","stock_quantity":null,"parent_sku":"","product_attributes":{"livraison":{"is_variation":false,"values":["Nous disposons de v\u00e9hicules pour vous livrer dans toute la Belgique en 2 jours"]},"disponibilite":{"is_variation":false,"values":["Votre location est r\u00e9cup\u00e9rable 1 jour avant la date de d\u00e9but de location \u00e0 partir de 14h00."]},"location":{"is_variation":false,"values":["Pour louer vos produits, vous pouvez choisir une date, la quantit\u00e9 et le nombre de jours soit directement via notre boutique en ligne ou en appelant directement le +32 487 102 252"]},"pa_type-de-materiel":{"is_variation":false,"values":["machine"]}},"custom_fields":[],"is_taxable":false,"product_name":"Machine HotDog"},"fields":{"sec_169f14f1deb3ac":{"extra":{"key":"sec_169f14f1deb3ac","section_id":"sec_169f14f1deb3ac","name":"Standaard","status":1,"cl_rule":"show","enableCl":false,"relations":[],"toggle":true,"title_tag":"h3","show_title":false,"showPrice":"default","form_id":5163,"form_rules":{"exclude_from_discount":false,"fee_label":"Vergoeding","disp_hide_options_price":false,"disp_show_section_price":false,"disp_show_field_price":true,"layout_option":"standard","pric_use_as_fee":false,"process_fee_as":"woo_fee"},"layout_option":"standard"},"fields":[[{"type":"date","elementId":"wcpa-date-1715524842551","label":"Date de location","placeholder":"Ex : 20\/05\/2024","pricingType":"fixed","name":"date-1715524842551","min_date":"None","max_date":"None","cl_rule":"show","col":6,"relations":false,"active":true,"tooltip":"","picker_mode":"single","gt_translate_keys":["label","placeholder","tooltip"],"price_dependency":false,"cl_dependency":false,"value":""}],[{"type":"number","elementId":"wcpa-number-1637076052678","label":"Choisir la quantit\u00e9","value":"1","pricingType":"custom","price":"({field.wcpa-number-1636653070036.price}*{value})","min":"1","name":"number-1637076052678","cl_rule":"show","col":6,"relations":false,"active":true,"tooltip":"","gt_translate_keys":["label","value","tooltip"],"price_dependency":["wcpa-number-1636653070036"],"cl_dependency":false}],[{"type":"number","elementId":"wcpa-number-1636653070036","label":"Nombre de jours","value":"1","enablePrice":true,"pricingType":"custom","price":"({product_price}*{value}*{field.wcpa-number-1637076052678.value})-{product_price}","name":"number-1636653070036","cl_rule":"show","col":6,"relations":false,"active":true,"tooltip":"","gt_translate_keys":["label","value","tooltip"],"price_dependency":false,"cl_dependency":false}]]}},"config":{"price_override":"","enable_recaptcha":false,"bind_quantity":false,"quantity_bind_formula":false,"disp_summ_show_option_price":true,"disp_summ_show_product_price":true,"disp_summ_show_total_price":true,"disp_summ_show_fee":false,"disp_summ_show_discount":false,"summary_title":"","options_total_label":"Prijs opties","total_label":"Totaal","options_product_label":"Product Prijs","fee_label":"Vergoeding","discount_label":"Korting","has_price":true,"has_quantity_formula":false},"mc_unit":1,"tax_rate":1,"tax_rate_real":1,"discount":{"percentage":0,"fixed":0},"design":{"conf":{"LabelPosition":"above","DescPosition":"above","UploadField":"custom_1","QuantityFieldStyle":"default"},"css":{"LeftLabelWidth":"120px"}},"formulas":[],"clones":false,"cartKey":false}},"_links":{"self":[{"href":"https:\/\/www.luxuryevent.be\/nl\/wp-json\/wp\/v2\/product\/9260"}],"collection":[{"href":"https:\/\/www.luxuryevent.be\/nl\/wp-json\/wp\/v2\/product"}],"about":[{"href":"https:\/\/www.luxuryevent.be\/nl\/wp-json\/wp\/v2\/types\/product"}],"replies":[{"embeddable":true,"href":"https:\/\/www.luxuryevent.be\/nl\/wp-json\/wp\/v2\/comments?post=9260"}],"version-history":[{"count":4,"href":"https:\/\/www.luxuryevent.be\/nl\/wp-json\/wp\/v2\/product\/9260\/revisions"}],"predecessor-version":[{"id":20977,"href":"https:\/\/www.luxuryevent.be\/nl\/wp-json\/wp\/v2\/product\/9260\/revisions\/20977"}],"wp:featuredmedia":[{"embeddable":true,"href":"https:\/\/www.luxuryevent.be\/nl\/wp-json\/wp\/v2\/media\/9302"}],"wp:attachment":[{"href":"https:\/\/www.luxuryevent.be\/nl\/wp-json\/wp\/v2\/media?parent=9260"}],"wp:term":[{"taxonomy":"product_cat","embeddable":true,"href":"https:\/\/www.luxuryevent.be\/nl\/wp-json\/wp\/v2\/product_cat?post=9260"},{"taxonomy":"product_tag","embeddable":true,"href":"https:\/\/www.luxuryevent.be\/nl\/wp-json\/wp\/v2\/product_tag?post=9260"}],"curies":[{"name":"wp","href":"https:\/\/api.w.org\/{rel}","templated":true}]}}