{"id":6548,"date":"2021-11-27T23:12:46","date_gmt":"2021-11-27T23:12:46","guid":{"rendered":"https:\/\/www.luxuryevent.be\/?post_type=product&#038;p=6548"},"modified":"2025-11-25T19:06:06","modified_gmt":"2025-11-25T19:06:06","slug":"machine-pop-corn","status":"publish","type":"product","link":"https:\/\/www.luxuryevent.be\/nl\/product\/machine-pop-corn\/","title":{"rendered":"Popcorn machine"},"content":{"rendered":"<p>Geef een leuk en smakelijk tintje aan je verjaardagsfeestje of theekransje met onze popcorn buffet animatie. Voor jong en oud, deze popcornanimatie zal elke smaakpapillen bekoren!<\/p>\n<p>Om van je aperitief een gezellig diner te maken, is culinair entertainment de perfecte aanvulling op je amuse. Bied je gasten een complete gastronomische ervaring door culinair entertainment toe te voegen aan je aperitiefdiner.<\/p>\n<h4>Uitrusting huren &amp; inpakken<\/h4>\n<p><strong>Popcornmachine huren - \u20ac85\u00a0<\/strong><\/p>\n<ul>\n<li>Pakket voor 100 personen = \u20ac125<\/li>\n<li>Pakket voor 50 personen = \u20ac75<\/li>\n<li>Pakket voor 25 personen = \u20ac50<\/li>\n<\/ul>","protected":false},"excerpt":{"rendered":"<p>Maak heerlijke, knapperige popcorn met onze gebruiksvriendelijke machine. Ervaar het authentieke plezier van popcorn thuis, voor een onweerstaanbare snack.<\/p>\n<p><strong>Popcornmachine huren - \u20ac85\u00a0<\/strong><\/p>\n<ul>\n<li>Pakket voor 100 personen = \u20ac125<\/li>\n<li>Pakket voor 50 personen = \u20ac75<\/li>\n<li>Pakket voor 25 personen = \u20ac50<\/li>\n<\/ul>\n<p><em>De prijs is inclusief: ma\u00efs en papieren hoorntjes.<\/em><\/p>","protected":false},"featured_media":9932,"comment_status":"open","ping_status":"closed","template":"","meta":{"content-type":""},"product_cat":[76],"product_tag":[160],"wcpa_form_fields":{"wcpaData":{"product":{"product_price":85,"price_html":"<span class=\"woocommerce-Price-amount amount\"><bdi><span class=\"woocommerce-Price-currencySymbol\">&euro;<\/span>85.00<\/bdi><\/span> <span class=\"uom\">par jour<\/span>","original_product_price":85,"price_including_tax":85,"price_excluding_tax":85,"product_id":{"parent":6548,"variation":false},"is_variable":false,"stock_status":"instock","stock_quantity":null,"parent_sku":"","product_attributes":{"livraison":{"is_variation":false,"values":["Nous disposons de v\u00e9hicules pour vous livrer dans toute la Belgique en 2 jours"]},"disponibilite":{"is_variation":false,"values":["Votre location est r\u00e9cup\u00e9rable 1 jour avant la date de d\u00e9but de location \u00e0 partir de 14h00."]},"location":{"is_variation":false,"values":["Pour louer vos produits, vous pouvez choisir une date, la quantit\u00e9 et le nombre de jours soit directement via notre boutique en ligne ou en appelant directement le +32 487 102 252"]},"pa_type-de-materiel":{"is_variation":false,"values":["machine"]},"pa_couleur":{"is_variation":false,"values":["argente","blanc","bleu","dore","noir"]}},"custom_fields":[],"is_taxable":false,"product_name":"Machine Pop-corn"},"fields":{"sec_369f0b24071c53":{"extra":{"key":"sec_369f0b24071c53","section_id":"sec_369f0b24071c53","name":"Default","status":1,"cl_rule":"show","enableCl":false,"relations":[],"toggle":true,"title_tag":"h3","show_title":false,"showPrice":"default","form_id":5163,"form_rules":{"exclude_from_discount":false,"fee_label":"Fee","disp_hide_options_price":false,"disp_show_section_price":false,"disp_show_field_price":true,"layout_option":"standard","pric_use_as_fee":false,"process_fee_as":"woo_fee"},"layout_option":"standard"},"fields":[[{"type":"date","elementId":"wcpa-date-1715524842551","label":"Date de location","placeholder":"Ex : 20\/05\/2024","pricingType":"fixed","name":"date-1715524842551","min_date":"None","max_date":"None","cl_rule":"show","col":6,"relations":false,"active":true,"tooltip":"","picker_mode":"single","gt_translate_keys":["label","placeholder","tooltip"],"price_dependency":false,"cl_dependency":false,"value":""}],[{"type":"number","elementId":"wcpa-number-1637076052678","label":"Choisir la quantit\u00e9","value":"1","pricingType":"custom","price":"({field.wcpa-number-1636653070036.price}*{value})","min":"1","name":"number-1637076052678","cl_rule":"show","col":6,"relations":false,"active":true,"tooltip":"","gt_translate_keys":["label","value","tooltip"],"price_dependency":["wcpa-number-1636653070036"],"cl_dependency":false}],[{"type":"number","elementId":"wcpa-number-1636653070036","label":"Nombre de jours","value":"1","enablePrice":true,"pricingType":"custom","price":"({product_price}*{value}*{field.wcpa-number-1637076052678.value})-{product_price}","name":"number-1636653070036","cl_rule":"show","col":6,"relations":false,"active":true,"tooltip":"","gt_translate_keys":["label","value","tooltip"],"price_dependency":false,"cl_dependency":false}]]}},"config":{"price_override":"","enable_recaptcha":false,"bind_quantity":false,"quantity_bind_formula":false,"disp_summ_show_option_price":true,"disp_summ_show_product_price":true,"disp_summ_show_total_price":true,"disp_summ_show_fee":false,"disp_summ_show_discount":false,"summary_title":"","options_total_label":"Options Price","total_label":"Total","options_product_label":"Product Price","fee_label":"Fee","discount_label":"Discount","has_price":true,"has_quantity_formula":false},"mc_unit":1,"tax_rate":1,"tax_rate_real":1,"discount":{"percentage":0,"fixed":0},"design":{"conf":{"LabelPosition":"above","DescPosition":"above","UploadField":"custom_1","QuantityFieldStyle":"default"},"css":{"LeftLabelWidth":"120px"}},"formulas":[],"clones":false,"cartKey":false}},"_links":{"self":[{"href":"https:\/\/www.luxuryevent.be\/nl\/wp-json\/wp\/v2\/product\/6548"}],"collection":[{"href":"https:\/\/www.luxuryevent.be\/nl\/wp-json\/wp\/v2\/product"}],"about":[{"href":"https:\/\/www.luxuryevent.be\/nl\/wp-json\/wp\/v2\/types\/product"}],"replies":[{"embeddable":true,"href":"https:\/\/www.luxuryevent.be\/nl\/wp-json\/wp\/v2\/comments?post=6548"}],"version-history":[{"count":9,"href":"https:\/\/www.luxuryevent.be\/nl\/wp-json\/wp\/v2\/product\/6548\/revisions"}],"predecessor-version":[{"id":16294,"href":"https:\/\/www.luxuryevent.be\/nl\/wp-json\/wp\/v2\/product\/6548\/revisions\/16294"}],"wp:featuredmedia":[{"embeddable":true,"href":"https:\/\/www.luxuryevent.be\/nl\/wp-json\/wp\/v2\/media\/9932"}],"wp:attachment":[{"href":"https:\/\/www.luxuryevent.be\/nl\/wp-json\/wp\/v2\/media?parent=6548"}],"wp:term":[{"taxonomy":"product_cat","embeddable":true,"href":"https:\/\/www.luxuryevent.be\/nl\/wp-json\/wp\/v2\/product_cat?post=6548"},{"taxonomy":"product_tag","embeddable":true,"href":"https:\/\/www.luxuryevent.be\/nl\/wp-json\/wp\/v2\/product_tag?post=6548"}],"curies":[{"name":"wp","href":"https:\/\/api.w.org\/{rel}","templated":true}]}}