{"id":5626,"date":"2021-11-17T12:42:44","date_gmt":"2021-11-17T12:42:44","guid":{"rendered":"https:\/\/www.luxuryevent.be\/?post_type=product&#038;p=5626"},"modified":"2024-05-22T14:20:40","modified_gmt":"2024-05-22T14:20:40","slug":"chemin-de-table-en-fleurs-rose-240x20cm","status":"publish","type":"product","link":"https:\/\/www.luxuryevent.be\/nl\/product\/tafelloper-met-bloemen-roze-240x20cm\/","title":{"rendered":"Roze Bloem Tafelloper\n  240x20cm\u00a0"},"content":{"rendered":"<p>Onze 240x20cm roze bloemen tafellopers zijn perfect geschikt om uw tafels te versieren met een grootse bloemen en lente-achtige touch.<\/p>\n<p>De bloemen van hoge kwaliteit en de indrukwekkende afmetingen van deze tafellopers zullen uw decoratie een unieke feestelijke sfeer geven.<\/p>\n<p>Ook verkrijgbaar in wit en lichtroze.<\/p>","protected":false},"excerpt":{"rendered":"<p>Onze 240x20cm roze bloemen tafellopers zijn perfect geschikt om uw tafels te versieren met een grootse bloemen en lente-achtige touch.<\/p>\n<p>De bloemen van hoge kwaliteit en de indrukwekkende afmetingen van deze tafellopers zullen uw decoratie een unieke feestelijke sfeer geven.<\/p>\n<p>Ook verkrijgbaar in wit en lichtroze.<\/p>","protected":false},"featured_media":5657,"comment_status":"open","ping_status":"closed","template":"","meta":{"content-type":""},"product_cat":[75,86],"product_tag":[160],"wcpa_form_fields":{"wcpaData":{"product":{"product_price":16.5,"price_html":"<span class=\"woocommerce-Price-amount amount\"><bdi><span class=\"woocommerce-Price-currencySymbol\">&euro;<\/span>16.50<\/bdi><\/span> <span class=\"uom\">- (prix par jour)<\/span>","original_product_price":16.5,"price_including_tax":16.5,"price_excluding_tax":16.5,"product_id":{"parent":5626,"variation":false},"is_variable":false,"stock_status":"instock","stock_quantity":null,"parent_sku":"","product_attributes":{"livraison":{"is_variation":false,"values":["Nous disposons de v\u00e9hicules pour vous livrer dans toute la Belgique en 2 jours"]},"disponibilite":{"is_variation":false,"values":["Votre location est r\u00e9cup\u00e9rable 1 jour avant la date de d\u00e9but de location \u00e0 partir de 14h00."]},"location":{"is_variation":false,"values":["Pour louer vos produits, vous pouvez choisir une date, la quantit\u00e9 et le nombre de jours soit directement via notre boutique en ligne ou en appelant directement le +32 487 102 252"]},"pa_type-de-materiel":{"is_variation":false,"values":["decoration-floral","fleurs"]}},"custom_fields":[],"is_taxable":false,"product_name":"Chemin de Table en Fleurs Rose\n  240x20cm\u00a0"},"fields":{"sec_169f1c42bbe03f":{"extra":{"key":"sec_169f1c42bbe03f","section_id":"sec_169f1c42bbe03f","name":"D\u00e9faut","status":1,"cl_rule":"show","enableCl":false,"relations":[],"toggle":true,"title_tag":"h3","show_title":false,"showPrice":"default","form_id":5163,"form_rules":{"exclude_from_discount":false,"fee_label":"Frais","disp_hide_options_price":false,"disp_show_section_price":false,"disp_show_field_price":true,"layout_option":"standard","pric_use_as_fee":false,"process_fee_as":"woo_fee"},"layout_option":"standard"},"fields":[[{"type":"date","elementId":"wcpa-date-1715524842551","label":"Date de location","placeholder":"Ex : 20\/05\/2024","pricingType":"fixed","name":"date-1715524842551","min_date":"None","max_date":"None","cl_rule":"show","col":6,"relations":false,"active":true,"tooltip":"","picker_mode":"single","gt_translate_keys":["label","placeholder","tooltip"],"price_dependency":false,"cl_dependency":false,"value":""}],[{"type":"number","elementId":"wcpa-number-1637076052678","label":"Choisir la quantit\u00e9","value":"1","pricingType":"custom","price":"({field.wcpa-number-1636653070036.price}*{value})","min":"1","name":"number-1637076052678","cl_rule":"show","col":6,"relations":false,"active":true,"tooltip":"","gt_translate_keys":["label","value","tooltip"],"price_dependency":["wcpa-number-1636653070036"],"cl_dependency":false}],[{"type":"number","elementId":"wcpa-number-1636653070036","label":"Nombre de jours","value":"1","enablePrice":true,"pricingType":"custom","price":"({product_price}*{value}*{field.wcpa-number-1637076052678.value})-{product_price}","name":"number-1636653070036","cl_rule":"show","col":6,"relations":false,"active":true,"tooltip":"","gt_translate_keys":["label","value","tooltip"],"price_dependency":false,"cl_dependency":false}]]}},"config":{"price_override":"","enable_recaptcha":false,"bind_quantity":false,"quantity_bind_formula":false,"disp_summ_show_option_price":true,"disp_summ_show_product_price":true,"disp_summ_show_total_price":true,"disp_summ_show_fee":false,"disp_summ_show_discount":false,"summary_title":"","options_total_label":"Prix des options","total_label":"Total","options_product_label":"Prix du produit","fee_label":"Frais","discount_label":"Remise","has_price":true,"has_quantity_formula":false},"mc_unit":1,"tax_rate":1,"tax_rate_real":1,"discount":{"percentage":0,"fixed":0},"design":{"conf":{"LabelPosition":"above","DescPosition":"above","UploadField":"custom_1","QuantityFieldStyle":"default"},"css":{"LeftLabelWidth":"120px"}},"formulas":[],"clones":false,"cartKey":false}},"_links":{"self":[{"href":"https:\/\/www.luxuryevent.be\/nl\/wp-json\/wp\/v2\/product\/5626"}],"collection":[{"href":"https:\/\/www.luxuryevent.be\/nl\/wp-json\/wp\/v2\/product"}],"about":[{"href":"https:\/\/www.luxuryevent.be\/nl\/wp-json\/wp\/v2\/types\/product"}],"replies":[{"embeddable":true,"href":"https:\/\/www.luxuryevent.be\/nl\/wp-json\/wp\/v2\/comments?post=5626"}],"version-history":[{"count":2,"href":"https:\/\/www.luxuryevent.be\/nl\/wp-json\/wp\/v2\/product\/5626\/revisions"}],"predecessor-version":[{"id":5666,"href":"https:\/\/www.luxuryevent.be\/nl\/wp-json\/wp\/v2\/product\/5626\/revisions\/5666"}],"wp:featuredmedia":[{"embeddable":true,"href":"https:\/\/www.luxuryevent.be\/nl\/wp-json\/wp\/v2\/media\/5657"}],"wp:attachment":[{"href":"https:\/\/www.luxuryevent.be\/nl\/wp-json\/wp\/v2\/media?parent=5626"}],"wp:term":[{"taxonomy":"product_cat","embeddable":true,"href":"https:\/\/www.luxuryevent.be\/nl\/wp-json\/wp\/v2\/product_cat?post=5626"},{"taxonomy":"product_tag","embeddable":true,"href":"https:\/\/www.luxuryevent.be\/nl\/wp-json\/wp\/v2\/product_tag?post=5626"}],"curies":[{"name":"wp","href":"https:\/\/api.w.org\/{rel}","templated":true}]}}