{"id":15093,"date":"2024-09-24T20:28:05","date_gmt":"2024-09-24T20:28:05","guid":{"rendered":"https:\/\/www.luxuryevent.be\/?post_type=product&#038;p=15093"},"modified":"2024-11-06T19:26:10","modified_gmt":"2024-11-06T19:26:10","slug":"photobooth-polaroid","status":"publish","type":"product","link":"https:\/\/www.luxuryevent.be\/nl\/product\/photobooth-polaroid\/","title":{"rendered":"Polaroid Fotobooth"},"content":{"rendered":"<ul class=\"small pl-3 mb-3\">\n<li>Foto's aanpassen<\/li>\n<li>Scherm aanpassen<\/li>\n<li>Onbeperkt foto's per e-mail versturen<\/li>\n<li>Foto's delen op sociale netwerken<\/li>\n<li>Foto's ophalen via een online galerij<\/li>\n<li>Afdrukken van het fotoboek van het evenement (formaat 25\u00d725 - 40 pagina's - harde kaft - zonder opties)<\/li>\n<li>Prijs per weekend of andere dag van de week<\/li>\n<li>Levering, installatie en ophaling door ons team van maandag tot en met vrijdag (alleen voor Belgi\u00eb, toeslag van 55 euro per rit in het weekend of op feestdagen).<\/li>\n<\/ul>","protected":false},"excerpt":{"rendered":"<div class=\"elementor-element elementor-element-763f4693 elementor-widget elementor-widget-text-editor\" data-id=\"763f4693\" data-element_type=\"widget\" data-widget_type=\"text-editor.default\">\n<div class=\"elementor-widget-container\">\n<p>Heb je binnenkort een bruiloft, bedrijfsfeest, verjaardag of teambuildingactiviteit? Denk dan eens aan het huren van een photobooth om de glimlach op de gezichten van je gasten vast te leggen door een unieke en originele ervaring te bieden.\u00a0<strong>originele, interactieve animatie<\/strong>. Je gasten zullen weggaan met onvergetelijke foto's van je evenement! Boek de huur van je fotohokje bij Luxury Event: je voorkeurspartner voor al je evenementen. <strong>zakelijke en priv\u00e9-evenementen<\/strong>.<\/p>\n<\/div>\n<\/div>","protected":false},"featured_media":15084,"comment_status":"open","ping_status":"closed","template":"","meta":{"content-type":""},"product_cat":[76,179],"product_tag":[160],"wcpa_form_fields":{"wcpaData":{"product":{"product_price":100,"price_html":"<span class=\"woocommerce-Price-amount amount\"><bdi><span class=\"woocommerce-Price-currencySymbol\">&euro;<\/span>100.00<\/bdi><\/span> <span class=\"uom\">par jour<\/span>","original_product_price":100,"price_including_tax":100,"price_excluding_tax":100,"product_id":{"parent":15093,"variation":false},"is_variable":false,"stock_status":"instock","stock_quantity":null,"parent_sku":"","product_attributes":{"livraison":{"is_variation":false,"values":["Nous disposons de v\u00e9hicules pour vous livrer dans toute la Belgique en 2 jours"]},"disponibilite":{"is_variation":false,"values":["Votre location est r\u00e9cup\u00e9rable 1 jour avant la date de d\u00e9but de location \u00e0 partir de 14h00."]},"location":{"is_variation":false,"values":["Pour louer vos produits, vous pouvez choisir une date, la quantit\u00e9 et le nombre de jours soit directement via notre boutique en ligne ou en appelant directement le +32 487 102 252"]},"pa_type-de-materiel":{"is_variation":false,"values":["machine"]},"pa_couleur":{"is_variation":false,"values":["argente","blanc","bleu","dore","noir"]}},"custom_fields":[],"is_taxable":false,"product_name":"Photobooth Polaroid"},"fields":{"sec_666f27ad705020":{"extra":{"key":"sec_666f27ad705020","section_id":"sec_666f27ad705020","name":"Default","status":1,"cl_rule":"show","enableCl":false,"relations":[],"toggle":true,"title_tag":"h3","show_title":false,"showPrice":"default","form_id":15016,"form_rules":{"exclude_from_discount":false,"fee_label":"Vergoeding","disp_hide_options_price":false,"disp_show_section_price":false,"disp_show_field_price":true,"layout_option":"standard","pric_use_as_fee":false,"process_fee_as":"woo_fee"},"layout_option":"standard"},"fields":[[{"type":"date","elementId":"date_466f27ad70505a","label":"Date de location","placeholder":"Ex : 20\/05\/2024","pricingType":"fixed","name":"date_466f27ad70505a","min_date":"None","max_date":"None","cl_rule":"show","col":6,"relations":false,"active":true,"tooltip":"","picker_mode":"single","gt_translate_keys":["label","placeholder","tooltip"],"price_dependency":false,"cl_dependency":false,"value":""}],[{"active":true,"col":6,"relations":false,"cl_rule":"show","enableCl":false,"price":"","enablePrice":true,"className":"","label_position":"default","desc_position":"default","type":"select","required":false,"elementId":"select_1673557349","label":"Nombre d'impression ","name":"select_1673557349","values":[{"label":"100 impressions","value":"Option - 1","selected":false,"tempId":"aco_318","price":"0","gt_translate_keys":["label"]},{"label":"150 impressions","value":"Option - 2","selected":false,"tempId":"aco_319","price":"50","gt_translate_keys":["label"]},{"label":"200 impressions","value":"Option - 3","selected":false,"tempId":"aco_320","price":"100","gt_translate_keys":["label"]},{"label":"250 impressions","value":"Option - 4","selected":false,"tempId":"aco_843","price":"150","gt_translate_keys":["label"]},{"label":"300 impressions","value":"Option - 5","selected":false,"tempId":"aco_988","price":"200","gt_translate_keys":["label"]},{"label":"400 impressions","value":"Option - 6","selected":false,"tempId":"aco_1052","price":"250","gt_translate_keys":["label"]},{"label":"500 impressions","value":"Option - 7","selected":false,"tempId":"aco_1215","price":"300","gt_translate_keys":["label"]}],"dropdown_type":"basic","error":false,"priceOptions":"different_for_all","pricingType":"multiply","use_as_fee":false,"gt_translate_keys":["label"],"price_dependency":false,"cl_dependency":false,"value":""}]]}},"config":{"price_override":"","enable_recaptcha":false,"bind_quantity":false,"quantity_bind_formula":false,"disp_summ_show_option_price":true,"disp_summ_show_product_price":true,"disp_summ_show_total_price":true,"disp_summ_show_fee":false,"disp_summ_show_discount":false,"summary_title":"","options_total_label":"Prijs opties","total_label":"Totaal","options_product_label":"Product Prijs","fee_label":"Vergoeding","discount_label":"Korting","has_price":true,"has_quantity_formula":false},"mc_unit":1,"tax_rate":1,"tax_rate_real":1,"discount":{"percentage":0,"fixed":0},"design":{"conf":{"LabelPosition":"above","DescPosition":"above","UploadField":"custom_1","QuantityFieldStyle":"default"},"css":{"LeftLabelWidth":"120px"}},"formulas":[],"clones":false,"cartKey":false}},"_links":{"self":[{"href":"https:\/\/www.luxuryevent.be\/nl\/wp-json\/wp\/v2\/product\/15093"}],"collection":[{"href":"https:\/\/www.luxuryevent.be\/nl\/wp-json\/wp\/v2\/product"}],"about":[{"href":"https:\/\/www.luxuryevent.be\/nl\/wp-json\/wp\/v2\/types\/product"}],"replies":[{"embeddable":true,"href":"https:\/\/www.luxuryevent.be\/nl\/wp-json\/wp\/v2\/comments?post=15093"}],"version-history":[{"count":1,"href":"https:\/\/www.luxuryevent.be\/nl\/wp-json\/wp\/v2\/product\/15093\/revisions"}],"predecessor-version":[{"id":15094,"href":"https:\/\/www.luxuryevent.be\/nl\/wp-json\/wp\/v2\/product\/15093\/revisions\/15094"}],"wp:featuredmedia":[{"embeddable":true,"href":"https:\/\/www.luxuryevent.be\/nl\/wp-json\/wp\/v2\/media\/15084"}],"wp:attachment":[{"href":"https:\/\/www.luxuryevent.be\/nl\/wp-json\/wp\/v2\/media?parent=15093"}],"wp:term":[{"taxonomy":"product_cat","embeddable":true,"href":"https:\/\/www.luxuryevent.be\/nl\/wp-json\/wp\/v2\/product_cat?post=15093"},{"taxonomy":"product_tag","embeddable":true,"href":"https:\/\/www.luxuryevent.be\/nl\/wp-json\/wp\/v2\/product_tag?post=15093"}],"curies":[{"name":"wp","href":"https:\/\/api.w.org\/{rel}","templated":true}]}}