{"id":13231,"date":"2024-05-15T14:04:42","date_gmt":"2024-05-15T14:04:42","guid":{"rendered":"https:\/\/www.luxuryevent.be\/?post_type=product&#038;p=13231"},"modified":"2025-04-19T15:18:56","modified_gmt":"2025-04-19T15:18:56","slug":"dakka-marrakchia","status":"publish","type":"product","link":"https:\/\/www.luxuryevent.be\/nl\/product\/dakka-marrakchia\/","title":{"rendered":"Dakka Marrakchia"},"content":{"rendered":"<p>Bij LuxuryEvent zetten we ons in om elk evenement buitengewoon en onvergetelijk te maken. Of je nu een uitbundige bruiloft, een bedrijfsfeest of een ander speciaal evenement plant, ons toegewijde team is er om aan al je wensen te voldoen.<\/p>\n<p>Van fascinerende fotografie tot en met opzwepende animatie, we bieden een volledig scala aan hoogwaardige diensten om je dromen werkelijkheid te laten worden. Neem vandaag nog contact met ons op voor meer informatie over onze diensten of om je specifieke wensen te bespreken.<\/p>\n<p>Stuur ons een bericht of bel ons op +32 465 87 92 94 en laat ons je helpen herinneringen te cre\u00ebren die een leven lang meegaan. Bij LuxuryEvent telt elk detail om je evenement onvergetelijk te maken.<\/p>\n<ul>\n<li>WhatsApp - +32 465 87 92 94<\/li>\n<li>E-mail - contact@luxuryevent.be<\/li>\n<\/ul>","protected":false},"excerpt":{"rendered":"<p>Dompel je gasten onder in de betoverende sfeer van Marokkaanse traditie met onze voorstelling Dakka Marrakchia. Onze getalenteerde artiesten brengen energie en passie naar uw evenement en zorgen voor een levendige en feestelijke sfeer.<\/p>\n<p>*We passen ons aan uw culturele behoeften aan, of het nu gaat om een gemengd evenement, een apart evenement (mannen, vrouwen) of nog veel meer.<\/p>","protected":false},"featured_media":13234,"comment_status":"open","ping_status":"closed","template":"","meta":{"content-type":""},"product_cat":[157],"product_tag":[160],"wcpa_form_fields":{"wcpaData":{"product":{"product_price":450,"price_html":"<span class=\"woocommerce-Price-amount amount\"><bdi><span class=\"woocommerce-Price-currencySymbol\">&euro;<\/span>450.00<\/bdi><\/span> <span class=\"uom\">(par heure)<\/span>","original_product_price":450,"price_including_tax":450,"price_excluding_tax":450,"product_id":{"parent":13231,"variation":false},"is_variable":false,"stock_status":"instock","stock_quantity":null,"parent_sku":"","product_attributes":{"livraison":{"is_variation":false,"values":["Nous disposons de v\u00e9hicules pour vous livrer dans toute la Belgique en 2 jours"]},"disponibilite":{"is_variation":false,"values":["Votre location est r\u00e9cup\u00e9rable 1 jour avant la date de d\u00e9but de location \u00e0 partir de 14h00."]},"location":{"is_variation":false,"values":["Pour louer vos produits, vous pouvez choisir une date, la quantit\u00e9 et le nombre de jours soit directement via notre boutique en ligne ou en appelant directement le +32 487 102 252"]},"pa_type-de-materiel":{"is_variation":false,"values":["machine"]},"pa_couleur":{"is_variation":false,"values":["argente","blanc","bleu","dore","noir"]}},"custom_fields":[],"is_taxable":false,"product_name":"Dakka Marrakchia"},"fields":{"sec_069ff53f185471":{"extra":{"key":"sec_069ff53f185471","section_id":"sec_069ff53f185471","name":"D\u00e9faut","status":1,"cl_rule":"show","enableCl":false,"relations":[],"toggle":true,"title_tag":"h3","show_title":false,"showPrice":"default","form_id":13240,"form_rules":{"exclude_from_discount":false,"fee_label":"Frais","disp_hide_options_price":false,"disp_show_section_price":false,"disp_show_field_price":true,"layout_option":"standard","pric_use_as_fee":false,"process_fee_as":"woo_fee"},"layout_option":"standard"},"fields":[[{"type":"datetime-local","elementId":"wcpa-datetime-local-6644c32e20822","label":"Date & Heure de pr\u00e9station ","placeholder":"Ex : 20\/05\/2024","pricingType":"fixed","name":"datetime-local-6644c32e2086a","min_date":"tomorrow","max_date":"None","cl_rule":"show","col":6,"relations":false,"active":true,"tooltip":"","picker_mode":"single","gt_translate_keys":["label","placeholder","tooltip"],"price_dependency":false,"cl_dependency":false,"value":""}],[{"type":"number","elementId":"wcpa-number-6644c32e2089f","label":"Nombre d'heure","value":"1","enablePrice":true,"pricingType":"custom","price":"({product_price}*{value})-{product_price}","name":"number-6644c32e208bd","cl_rule":"show","col":6,"relations":false,"active":true,"tooltip":"","gt_translate_keys":["label","value","tooltip"],"price_dependency":false,"cl_dependency":false}]]}},"config":{"price_override":"","enable_recaptcha":false,"bind_quantity":false,"quantity_bind_formula":false,"disp_summ_show_option_price":true,"disp_summ_show_product_price":true,"disp_summ_show_total_price":true,"disp_summ_show_fee":false,"disp_summ_show_discount":false,"summary_title":"","options_total_label":"Prix des options","total_label":"Total","options_product_label":"Prix du produit","fee_label":"Frais","discount_label":"Remise","has_price":true,"has_quantity_formula":false},"mc_unit":1,"tax_rate":1,"tax_rate_real":1,"discount":{"percentage":0,"fixed":0},"design":{"conf":{"LabelPosition":"above","DescPosition":"above","UploadField":"custom_1","QuantityFieldStyle":"default"},"css":{"LeftLabelWidth":"120px"}},"formulas":[],"clones":false,"cartKey":false}},"_links":{"self":[{"href":"https:\/\/www.luxuryevent.be\/nl\/wp-json\/wp\/v2\/product\/13231"}],"collection":[{"href":"https:\/\/www.luxuryevent.be\/nl\/wp-json\/wp\/v2\/product"}],"about":[{"href":"https:\/\/www.luxuryevent.be\/nl\/wp-json\/wp\/v2\/types\/product"}],"replies":[{"embeddable":true,"href":"https:\/\/www.luxuryevent.be\/nl\/wp-json\/wp\/v2\/comments?post=13231"}],"version-history":[{"count":4,"href":"https:\/\/www.luxuryevent.be\/nl\/wp-json\/wp\/v2\/product\/13231\/revisions"}],"predecessor-version":[{"id":13270,"href":"https:\/\/www.luxuryevent.be\/nl\/wp-json\/wp\/v2\/product\/13231\/revisions\/13270"}],"wp:featuredmedia":[{"embeddable":true,"href":"https:\/\/www.luxuryevent.be\/nl\/wp-json\/wp\/v2\/media\/13234"}],"wp:attachment":[{"href":"https:\/\/www.luxuryevent.be\/nl\/wp-json\/wp\/v2\/media?parent=13231"}],"wp:term":[{"taxonomy":"product_cat","embeddable":true,"href":"https:\/\/www.luxuryevent.be\/nl\/wp-json\/wp\/v2\/product_cat?post=13231"},{"taxonomy":"product_tag","embeddable":true,"href":"https:\/\/www.luxuryevent.be\/nl\/wp-json\/wp\/v2\/product_tag?post=13231"}],"curies":[{"name":"wp","href":"https:\/\/api.w.org\/{rel}","templated":true}]}}