{"id":13068,"date":"2024-05-10T22:27:55","date_gmt":"2024-05-10T22:27:55","guid":{"rendered":"https:\/\/www.luxuryevent.be\/?post_type=product&#038;p=13068"},"modified":"2024-05-29T11:12:05","modified_gmt":"2024-05-29T11:12:05","slug":"kit-confetti-fumigene-2","status":"publish","type":"product","link":"https:\/\/www.luxuryevent.be\/nl\/product\/kit-confetti-fumigene-2\/","title":{"rendered":"Confetti \/ Rookkit"},"content":{"rendered":"<p>LuxuryEvent is uw decoratieleverancier voor de organisatie van uw evenementen, of u nu decoratiemateriaal wilt kopen of huren om aan de slag te gaan met de organisatie van evenementen, met LuxuryEvent krijgt u de expertise die u nodig hebt.<br \/>\nAls je meer informatie over onze producten wilt voordat je bestelt, kun je contact met ons opnemen via e-mail of WhatsApp.<\/p>\n<ul>\n<li>WhatsApp - +32 465 87 92 94<\/li>\n<li>E-mail - contact@luxuryevent.be<\/li>\n<\/ul>","protected":false},"excerpt":{"rendered":"<p>Op zoek naar iets unieks voor je gender reveal party? Huur dan de Gender Reveal lanceerkit van LuxuryEvent! Deze kit is ontworpen om gebruiksklaar te zijn, zodat iedereen hem met gemak kan gebruiken. Plaats de twee lanceerunits op ruime afstand van elkaar, sluit ze aan en druk op de knop op het hoogste punt. Een wolk van kleurrijke confetti schiet spectaculair naar buiten vanaf een hoogte van ongeveer 5 meter, voordat het sierlijk weer naar beneden dwarrelt in de kleur van het geslacht.<\/p>","protected":false},"featured_media":13069,"comment_status":"open","ping_status":"closed","template":"","meta":{"content-type":""},"product_cat":[143],"product_tag":[160],"wcpa_form_fields":{"wcpaData":{"product":{"product_price":200,"price_html":"<span class=\"woocommerce-Price-amount amount\"><bdi><span class=\"woocommerce-Price-currencySymbol\">&euro;<\/span>200.00<\/bdi><\/span> <span class=\"uom\">par jour<\/span>","original_product_price":200,"price_including_tax":200,"price_excluding_tax":200,"product_id":{"parent":13068,"variation":false},"is_variable":false,"stock_status":"instock","stock_quantity":null,"parent_sku":"","product_attributes":{"livraison":{"is_variation":false,"values":["Nous disposons de v\u00e9hicules pour vous livrer dans toute la Belgique en 2 jours"]},"disponibilite":{"is_variation":false,"values":["Votre location est r\u00e9cup\u00e9rable 1 jour avant la date de d\u00e9but de location \u00e0 partir de 14h00."]},"location":{"is_variation":false,"values":["Pour louer vos produits, vous pouvez choisir une date, la quantit\u00e9 et le nombre de jours soit directement via notre boutique en ligne ou en appelant directement le +32 487 102 252"]},"pa_type-de-materiel":{"is_variation":false,"values":["machine"]},"pa_couleur":{"is_variation":false,"values":["argente","blanc","bleu","dore","noir"]}},"custom_fields":[],"is_taxable":false,"product_name":"Kit Confetti \/ Fumig\u00e8ne"},"fields":{"sec_469f3939f7254a":{"extra":{"key":"sec_469f3939f7254a","section_id":"sec_469f3939f7254a","name":"Standaard","status":1,"cl_rule":"show","enableCl":false,"relations":[],"toggle":true,"title_tag":"h3","show_title":false,"showPrice":"default","form_id":5163,"form_rules":{"exclude_from_discount":false,"fee_label":"Vergoeding","disp_hide_options_price":false,"disp_show_section_price":false,"disp_show_field_price":true,"layout_option":"standard","pric_use_as_fee":false,"process_fee_as":"woo_fee"},"layout_option":"standard"},"fields":[[{"type":"date","elementId":"wcpa-date-1715524842551","label":"Date de location","placeholder":"Ex : 20\/05\/2024","pricingType":"fixed","name":"date-1715524842551","min_date":"None","max_date":"None","cl_rule":"show","col":6,"relations":false,"active":true,"tooltip":"","picker_mode":"single","gt_translate_keys":["label","placeholder","tooltip"],"price_dependency":false,"cl_dependency":false,"value":""}],[{"type":"number","elementId":"wcpa-number-1637076052678","label":"Choisir la quantit\u00e9","value":"1","pricingType":"custom","price":"({field.wcpa-number-1636653070036.price}*{value})","min":"1","name":"number-1637076052678","cl_rule":"show","col":6,"relations":false,"active":true,"tooltip":"","gt_translate_keys":["label","value","tooltip"],"price_dependency":["wcpa-number-1636653070036"],"cl_dependency":false}],[{"type":"number","elementId":"wcpa-number-1636653070036","label":"Nombre de jours","value":"1","enablePrice":true,"pricingType":"custom","price":"({product_price}*{value}*{field.wcpa-number-1637076052678.value})-{product_price}","name":"number-1636653070036","cl_rule":"show","col":6,"relations":false,"active":true,"tooltip":"","gt_translate_keys":["label","value","tooltip"],"price_dependency":false,"cl_dependency":false}]]}},"config":{"price_override":"","enable_recaptcha":false,"bind_quantity":false,"quantity_bind_formula":false,"disp_summ_show_option_price":true,"disp_summ_show_product_price":true,"disp_summ_show_total_price":true,"disp_summ_show_fee":false,"disp_summ_show_discount":false,"summary_title":"","options_total_label":"Prijs opties","total_label":"Totaal","options_product_label":"Product Prijs","fee_label":"Vergoeding","discount_label":"Korting","has_price":true,"has_quantity_formula":false},"mc_unit":1,"tax_rate":1,"tax_rate_real":1,"discount":{"percentage":0,"fixed":0},"design":{"conf":{"LabelPosition":"above","DescPosition":"above","UploadField":"custom_1","QuantityFieldStyle":"default"},"css":{"LeftLabelWidth":"120px"}},"formulas":[],"clones":false,"cartKey":false}},"_links":{"self":[{"href":"https:\/\/www.luxuryevent.be\/nl\/wp-json\/wp\/v2\/product\/13068"}],"collection":[{"href":"https:\/\/www.luxuryevent.be\/nl\/wp-json\/wp\/v2\/product"}],"about":[{"href":"https:\/\/www.luxuryevent.be\/nl\/wp-json\/wp\/v2\/types\/product"}],"replies":[{"embeddable":true,"href":"https:\/\/www.luxuryevent.be\/nl\/wp-json\/wp\/v2\/comments?post=13068"}],"version-history":[{"count":2,"href":"https:\/\/www.luxuryevent.be\/nl\/wp-json\/wp\/v2\/product\/13068\/revisions"}],"predecessor-version":[{"id":13073,"href":"https:\/\/www.luxuryevent.be\/nl\/wp-json\/wp\/v2\/product\/13068\/revisions\/13073"}],"wp:featuredmedia":[{"embeddable":true,"href":"https:\/\/www.luxuryevent.be\/nl\/wp-json\/wp\/v2\/media\/13069"}],"wp:attachment":[{"href":"https:\/\/www.luxuryevent.be\/nl\/wp-json\/wp\/v2\/media?parent=13068"}],"wp:term":[{"taxonomy":"product_cat","embeddable":true,"href":"https:\/\/www.luxuryevent.be\/nl\/wp-json\/wp\/v2\/product_cat?post=13068"},{"taxonomy":"product_tag","embeddable":true,"href":"https:\/\/www.luxuryevent.be\/nl\/wp-json\/wp\/v2\/product_tag?post=13068"}],"curies":[{"name":"wp","href":"https:\/\/api.w.org\/{rel}","templated":true}]}}