{"id":12535,"date":"2024-04-17T10:14:56","date_gmt":"2024-04-17T10:14:56","guid":{"rendered":"https:\/\/www.luxuryevent.be\/?post_type=product&#038;p=12535"},"modified":"2024-07-08T21:50:33","modified_gmt":"2024-07-08T21:50:33","slug":"lettre-geante-k-3","status":"publish","type":"product","link":"https:\/\/www.luxuryevent.be\/nl\/product\/reuzenletter-k-3\/","title":{"rendered":"Grote letter K"},"content":{"rendered":"<p>LuxuryEvent is uw leverancier van evenementdecoratie, of u nu decoratiemateriaal wilt kopen of huren om uw evenement te beginnen, met LuxuryEvent krijgt u de expertise die u nodig hebt<br \/>\nAls u meer informatie wilt over onze producten voordat u bestelt - kunt u ons bereiken via e-mail of WhatsApp<\/p>\n<ul>\n<li>WhatsApp - +32 465 87 92 94<\/li>\n<li>E-mail - contact@luxuryevent.be<\/li>\n<\/ul>","protected":false},"excerpt":{"rendered":"<p>Ontdek onze reuzenletters (tussen 100 cm &amp; 120 cm) voor het decoreren van uw evenementen, te bestellen bij LuxuryEvent, uw leverancier van decoratiemateriaal gespecialiseerd in evenementen.<br \/>\nAls u meer informatie wilt over onze producten voordat u bestelt - kunt u ons bereiken via e-mail of WhatsApp<\/p>\n<ul>\n<li>WhatsApp - +32 465 87 92 94<\/li>\n<li>E-mail - contact@luxuryevent.be<\/li>\n<\/ul>","protected":false},"featured_media":11876,"comment_status":"open","ping_status":"closed","template":"","meta":{"content-type":""},"product_cat":[115],"product_tag":[131],"wcpa_form_fields":{"wcpaData":{"product":{"product_price":95,"price_html":"<span class=\"woocommerce-Price-amount amount\"><bdi><span class=\"woocommerce-Price-currencySymbol\">&euro;<\/span>95.00<\/bdi><\/span> <span class=\"uom\">(prix par unit\u00e9)<\/span>","original_product_price":95,"price_including_tax":95,"price_excluding_tax":95,"product_id":{"parent":12535,"variation":false},"is_variable":false,"stock_status":"instock","stock_quantity":null,"parent_sku":"","product_attributes":{"livraison":{"is_variation":false,"values":["Nous disposons de v\u00e9hicules pour vous livrer dans toute la Belgique et en France"]},"disponibilite":{"is_variation":false,"values":["Votre mat\u00e9riel est disponible en 1 \u00e0 2 semaines"]}},"custom_fields":[],"is_taxable":false,"product_name":"Lettre G\u00e9ante K"},"fields":{"sec_669f15ea71bb93":{"extra":{"key":"sec_669f15ea71bb93","section_id":"sec_669f15ea71bb93","name":"Standaard","status":1,"cl_rule":"show","enableCl":false,"relations":[],"toggle":true,"title_tag":"h3","show_title":false,"showPrice":"default","form_id":9782,"form_rules":{"exclude_from_discount":false,"fee_label":"Vergoeding","disp_hide_options_price":false,"disp_show_section_price":false,"disp_show_field_price":true,"layout_option":"standard","pric_use_as_fee":false,"process_fee_as":"woo_fee"},"layout_option":"standard"},"fields":[[{"type":"number","elementId":"wcpa-number-652ff7aaa33d1","label":"Choisir la quantit\u00e9","value":"1","enablePrice":true,"pricingType":"custom","price":"({value}*{product_price})-{product_price}","min":"1","name":"number-652ff7aaa33d1","cl_rule":"show","col":6,"relations":false,"active":true,"tooltip":"","gt_translate_keys":["label","value","tooltip"],"price_dependency":false,"cl_dependency":false}]]}},"config":{"price_override":"","enable_recaptcha":false,"bind_quantity":false,"quantity_bind_formula":false,"disp_summ_show_option_price":true,"disp_summ_show_product_price":true,"disp_summ_show_total_price":true,"disp_summ_show_fee":false,"disp_summ_show_discount":false,"summary_title":"","options_total_label":"Prijs opties","total_label":"Totaal","options_product_label":"Product Prijs","fee_label":"Vergoeding","discount_label":"Korting","has_price":true,"has_quantity_formula":false},"mc_unit":1,"tax_rate":1,"tax_rate_real":1,"discount":{"percentage":0,"fixed":0},"design":{"conf":{"LabelPosition":"above","DescPosition":"above","UploadField":"custom_1","QuantityFieldStyle":"default"},"css":{"LeftLabelWidth":"120px"}},"formulas":[],"clones":false,"cartKey":false}},"_links":{"self":[{"href":"https:\/\/www.luxuryevent.be\/nl\/wp-json\/wp\/v2\/product\/12535"}],"collection":[{"href":"https:\/\/www.luxuryevent.be\/nl\/wp-json\/wp\/v2\/product"}],"about":[{"href":"https:\/\/www.luxuryevent.be\/nl\/wp-json\/wp\/v2\/types\/product"}],"replies":[{"embeddable":true,"href":"https:\/\/www.luxuryevent.be\/nl\/wp-json\/wp\/v2\/comments?post=12535"}],"version-history":[{"count":1,"href":"https:\/\/www.luxuryevent.be\/nl\/wp-json\/wp\/v2\/product\/12535\/revisions"}],"predecessor-version":[{"id":12572,"href":"https:\/\/www.luxuryevent.be\/nl\/wp-json\/wp\/v2\/product\/12535\/revisions\/12572"}],"wp:featuredmedia":[{"embeddable":true,"href":"https:\/\/www.luxuryevent.be\/nl\/wp-json\/wp\/v2\/media\/11876"}],"wp:attachment":[{"href":"https:\/\/www.luxuryevent.be\/nl\/wp-json\/wp\/v2\/media?parent=12535"}],"wp:term":[{"taxonomy":"product_cat","embeddable":true,"href":"https:\/\/www.luxuryevent.be\/nl\/wp-json\/wp\/v2\/product_cat?post=12535"},{"taxonomy":"product_tag","embeddable":true,"href":"https:\/\/www.luxuryevent.be\/nl\/wp-json\/wp\/v2\/product_tag?post=12535"}],"curies":[{"name":"wp","href":"https:\/\/api.w.org\/{rel}","templated":true}]}}