{"id":11963,"date":"2024-03-28T14:13:15","date_gmt":"2024-03-28T14:13:15","guid":{"rendered":"https:\/\/www.luxuryevent.be\/?post_type=product&#038;p=11963"},"modified":"2026-03-04T20:06:43","modified_gmt":"2026-03-04T20:06:43","slug":"mascotte-mickey-deluxe-2","status":"publish","type":"product","link":"https:\/\/www.luxuryevent.be\/nl\/product\/mascotte-mickey-deluxe-2\/","title":{"rendered":"Mickey Deluxe mascotte"},"content":{"rendered":"<div class=\"flex flex-col text-sm pb-25\">\n<article class=\"text-token-text-primary w-full focus:outline-none [--shadow-height:45px] has-data-writing-block:pointer-events-none has-data-writing-block:-mt-(--shadow-height) has-data-writing-block:pt-(--shadow-height) [&amp;:has([data-writing-block])&gt;*]:pointer-events-auto scroll-mt-[calc(var(--header-height)+min(200px,max(70px,20svh)))]\" dir=\"auto\" data-turn-id=\"request-WEB:c590e789-7b3b-441f-9908-6590cd2563ca-3\" data-testid=\"conversation-turn-8\" data-scroll-anchor=\"true\" data-turn=\"assistant\" data-mce-tabindex=\"-1\">\n<div class=\"text-base my-auto mx-auto pb-10 [--thread-content-margin:--spacing(4)] @w-sm\/main:[--thread-content-margin:--spacing(6)] @w-lg\/main:[--thread-content-margin:--spacing(16)] px-(--thread-content-margin)\">\n<div class=\"[--thread-content-max-width:40rem] @w-lg\/main:[--thread-content-max-width:48rem] mx-auto max-w-(--thread-content-max-width) flex-1 group\/turn-messages focus-visible:outline-hidden relative flex w-full min-w-0 flex-col agent-turn\" data-mce-tabindex=\"-1\">\n<div class=\"flex max-w-full flex-col grow\">\n<div class=\"min-h-8 text-message relative flex w-full flex-col items-end gap-2 text-start break-words whitespace-normal [.text-message+&amp;]:mt-1\" dir=\"auto\" data-message-author-role=\"assistant\" data-message-id=\"98398da9-7986-4bb9-b326-f0b4e7d31900\" data-message-model-slug=\"gpt-5-2\">\n<div class=\"flex w-full flex-col gap-1 empty:hidden first:pt-[1px]\">\n<div class=\"markdown prose dark:prose-invert w-full break-words dark markdown-new-styling\">\n<p data-start=\"294\" data-end=\"566\">Transformez un simple \u00e9v\u00e9nement en un moment extraordinaire dont les enfants se souviendront longtemps \ud83c\udf89 Notre mascotte style Disney se d\u00e9place directement \u00e0 votre domicile ou sur le lieu de votre \u00e9v\u00e9nement pour cr\u00e9er une ambiance magique, joyeuse et pleine d\u2019\u00e9motions \ud83d\udc96<\/p>\n<p data-start=\"568\" data-end=\"786\">Que ce soit pour un anniversaire \ud83c\udf82, une f\u00eate scolaire \ud83c\udfeb, une kermesse \ud83c\udfaa, une cr\u00e8che \ud83d\udc76, une communion ou un \u00e9v\u00e9nement priv\u00e9, la mascotte arrive sur place pour surprendre, faire rire et \u00e9merveiller petits et grands \u2728<\/p>\n<p data-start=\"788\" data-end=\"1028\">Pourquoi choisir notre animation mascotte ?<br \/><br data-start=\"831\" data-end=\"834\">\u2022 \u2728 Une vraie pr\u00e9sence magique, pas un \u00e9cran<br data-start=\"878\" data-end=\"881\">\u2022 \ud83e\uddf8 Une animation vivante, humaine et interactive<br data-start=\"931\" data-end=\"934\">\u2022 \ud83d\ude04 Des rires, de la joie et des souvenirs forts<br data-start=\"983\" data-end=\"986\">\u2022 \ud83c\udf1f Un \u00e9v\u00e9nement qui marque les esprits<\/p>\n<p data-start=\"1030\" data-end=\"1201\">L\u2019animation comprend des moments de danse \ud83d\udc83, de musique \ud83c\udfb6, d\u2019interactions avec les enfants \ud83e\udd17, des photos souvenirs \ud83d\udcf8 et l\u2019animation du moment du g\u00e2teau \ud83c\udf82 sur demande.<\/p>\n<p data-start=\"1203\" data-end=\"1389\">Apr\u00e8s validation de votre r\u00e9servation, vous \u00eates contact\u00e9(e) par t\u00e9l\u00e9phone \ud83d\udcde afin de bien organiser l\u2019animation.<br data-start=\"1316\" data-end=\"1319\">\u2022 \ud83d\udccd Lieu exact<br \/>\u2022 \u23f1\ufe0f Dur\u00e9e<br \/>\u2022 \ud83d\udc76 \u00c2ge des enfants <br \/>\u2022 \u2b50 Moments importants<\/p>\n<p data-start=\"1391\" data-end=\"1454\">Pendant que nous animons, vous profitez pleinement du moment \ud83d\ude0c<\/p>\n<p data-start=\"1456\" data-end=\"1605\">\ud83c\udf81 R\u00e9servez d\u00e8s maintenant et offrez \u00e0 votre enfant bien plus qu\u2019une animation : une rencontre magique \u2728, des rires \ud83d\ude04 et un moment de pur bonheur \ud83d\udc96<\/p>\n<\/div>\n<\/div>\n<\/div>\n<\/div>\n<\/div>\n<\/div>\n<\/article>\n<\/div>","protected":false},"excerpt":{"rendered":"<p>Faites briller les yeux des enfants sans le moindre stress \ud83c\udf89<br \/>\nNotre mascotte style Disney se d\u00e9place directement chez vous ou sur le lieu de l\u2019\u00e9v\u00e9nement (anniversaire, f\u00eate scolaire, kermesse\u2026) pour offrir un moment magique, joyeux et inoubliable \ud83e\uddf8\u2728<\/p>\n<p>\ud83d\udc49 Une fois la r\u00e9servation valid\u00e9e, nous vous appelons personnellement afin d\u2019organiser l\u2019animation dans les moindres d\u00e9tails (horaires, lieu, \u00e2ge des enfants, moments forts).<br \/>\nR\u00e9sultat : une animation parfaitement adapt\u00e9e\u2026 et des souvenirs incroyables \ud83d\udc96<\/p>\n<p>\ud83c\udf81 R\u00e9servez maintenant et offrez bien plus qu\u2019une animation : un moment de bonheur pur.<\/p>","protected":false},"featured_media":9571,"comment_status":"open","ping_status":"closed","template":"","meta":{"content-type":""},"product_cat":[139],"product_tag":[199],"wcpa_form_fields":{"wcpaData":{"product":{"product_price":125,"price_html":"<span class=\"woocommerce-Price-amount amount\"><bdi><span class=\"woocommerce-Price-currencySymbol\">&euro;<\/span>125.00<\/bdi><\/span> <span class=\"uom\">(prix par heure)<\/span>","original_product_price":125,"price_including_tax":125,"price_excluding_tax":125,"product_id":{"parent":11963,"variation":false},"is_variable":false,"stock_status":"instock","stock_quantity":null,"parent_sku":"","product_attributes":[],"custom_fields":[],"is_taxable":false,"product_name":"Mascotte Mickey Deluxe"},"fields":{"sec_869f109ffdcc80":{"extra":{"key":"sec_869f109ffdcc80","section_id":"sec_869f109ffdcc80","name":"D\u00e9faut","status":1,"cl_rule":"show","enableCl":false,"relations":[],"toggle":true,"title_tag":"h3","show_title":false,"showPrice":"default","form_id":11962,"form_rules":{"exclude_from_discount":false,"fee_label":"Frais","disp_hide_options_price":false,"disp_show_section_price":false,"disp_show_field_price":true,"layout_option":"standard","pric_use_as_fee":false,"process_fee_as":"woo_fee"},"layout_option":"standard"},"fields":[[{"type":"datetime-local","elementId":"wcpa-datetime-local-66057a64b0d00","label":"Date & Heure de location","placeholder":"Ex : 20\/05\/2024","pricingType":"fixed","name":"datetime-local-66057a64b0d21","min_date":"tomorrow","max_date":"None","cl_rule":"show","col":6,"relations":false,"active":true,"tooltip":"","picker_mode":"single","gt_translate_keys":["label","placeholder","tooltip"],"price_dependency":false,"cl_dependency":false,"value":""}],[{"type":"number","elementId":"wcpa-number-66057a64b0d78","label":"Nombre d'heure","value":"1","enablePrice":true,"pricingType":"custom","price":"({product_price}*{value})-{product_price}","name":"number-66057a64b0d90","cl_rule":"show","col":6,"relations":false,"active":true,"tooltip":"","gt_translate_keys":["label","value","tooltip"],"price_dependency":false,"cl_dependency":false}]]}},"config":{"price_override":"","enable_recaptcha":false,"bind_quantity":false,"quantity_bind_formula":false,"disp_summ_show_option_price":true,"disp_summ_show_product_price":true,"disp_summ_show_total_price":true,"disp_summ_show_fee":false,"disp_summ_show_discount":false,"summary_title":"","options_total_label":"Prix des options","total_label":"Total","options_product_label":"Prix du produit","fee_label":"Frais","discount_label":"Remise","has_price":true,"has_quantity_formula":false},"mc_unit":1,"tax_rate":1,"tax_rate_real":1,"discount":{"percentage":0,"fixed":0},"design":{"conf":{"LabelPosition":"above","DescPosition":"above","UploadField":"custom_1","QuantityFieldStyle":"default"},"css":{"LeftLabelWidth":"120px"}},"formulas":[],"clones":false,"cartKey":false}},"_links":{"self":[{"href":"https:\/\/www.luxuryevent.be\/nl\/wp-json\/wp\/v2\/product\/11963"}],"collection":[{"href":"https:\/\/www.luxuryevent.be\/nl\/wp-json\/wp\/v2\/product"}],"about":[{"href":"https:\/\/www.luxuryevent.be\/nl\/wp-json\/wp\/v2\/types\/product"}],"replies":[{"embeddable":true,"href":"https:\/\/www.luxuryevent.be\/nl\/wp-json\/wp\/v2\/comments?post=11963"}],"version-history":[{"count":7,"href":"https:\/\/www.luxuryevent.be\/nl\/wp-json\/wp\/v2\/product\/11963\/revisions"}],"predecessor-version":[{"id":20076,"href":"https:\/\/www.luxuryevent.be\/nl\/wp-json\/wp\/v2\/product\/11963\/revisions\/20076"}],"wp:featuredmedia":[{"embeddable":true,"href":"https:\/\/www.luxuryevent.be\/nl\/wp-json\/wp\/v2\/media\/9571"}],"wp:attachment":[{"href":"https:\/\/www.luxuryevent.be\/nl\/wp-json\/wp\/v2\/media?parent=11963"}],"wp:term":[{"taxonomy":"product_cat","embeddable":true,"href":"https:\/\/www.luxuryevent.be\/nl\/wp-json\/wp\/v2\/product_cat?post=11963"},{"taxonomy":"product_tag","embeddable":true,"href":"https:\/\/www.luxuryevent.be\/nl\/wp-json\/wp\/v2\/product_tag?post=11963"}],"curies":[{"name":"wp","href":"https:\/\/api.w.org\/{rel}","templated":true}]}}