{"id":10647,"date":"2023-12-13T11:05:04","date_gmt":"2023-12-13T11:05:04","guid":{"rendered":"https:\/\/www.luxuryevent.be\/?post_type=product&#038;p=10647"},"modified":"2024-05-25T16:47:53","modified_gmt":"2024-05-25T16:47:53","slug":"four-a-pizza-1-chambre-3200-w-o-40-cm","status":"publish","type":"product","link":"https:\/\/www.luxuryevent.be\/nl\/product\/four-a-pizza-1-chambre-3200-w-o-40-cm\/","title":{"rendered":"Pizzaoven - 1 kamer - 3200 W - \u00d8 40 cm"},"content":{"rendered":"<div class=\"product-description__wrapper\" data-v-29c780c7=\"\">\n<h3 class=\"product-description__title\" data-v-29c780c7=\"\">Een compacte elektrische pizzaoven met uitstekende functies<\/h3>\n<p>De Royal Catering pizzaoven is van onschatbare waarde voor het bereiden van allerlei soorten pizza's. Ondanks zijn kleine formaat maakt het kooktoestel indruk met zijn state-of-the-art eigenschappen en is het ideaal voor gebruik in pizzeria's, caf\u00e9s, snackbars en andere horecagelegenheden. Met aparte instellingen voor boven- en onderwarmte biedt de praktische pizzaoven alles wat je nodig hebt voor een knapperige bodem met een sappige topping!<\/p>\n<\/div>\n<div class=\"product-description__wrapper\" data-v-29c780c7=\"\">\n<h3 class=\"product-description__title\" data-v-29c780c7=\"\">Behaal onverslaanbare resultaten met een pizzaoven met verwarmde boven- en onderkant<\/h3>\n<p>Met een vermogen van 3200 W verwarmt de pizzaoven betrouwbaar en snel tot temperaturen van 300\u00b0C. De grote binnenkamer met vuurvast oppervlak zorgt voor een optimale warmteverdeling en lekkere pizza's. Deze professionele pizzaoven is compact genoeg om op een aanrecht te passen, maar je kunt er toch pizza's in bakken met een diameter tot 40 cm. Je ontvangt bij je oven ook een praktische aluminium bakplaat en een paar pannenlappen.<\/p>\n<p>Bovendien is het kinderspel om te gebruiken! Gebruik de timer om de gewenste bereidingstijd te kiezen, tot 99 minuten. Hij heeft een grote kanteldeur zodat je pizza's in de oven kunt plaatsen en ze er ondanks de hitte veilig uit kunt halen. De stevige roestvrijstalen oven heeft een ge\u00efsoleerde handgreep voor gebruiksgemak in de dagelijkse hectiek. Je kunt je producten altijd in de gaten houden door het kijkvenster van gehard glas en de ge\u00efntegreerde kamerlamp, zodat elke pizza, tarte flamb\u00e9e en ander gerecht of gebak perfect goudbruin wordt geserveerd.<\/p>\n<\/div>","protected":false},"excerpt":{"rendered":"<ul class=\"product__highlights list-inside leading-relaxed pl-2\">\n<li>Vermogen - 3200 W voor temperaturen tot 300 \u00b0C<\/li>\n<li>Groot formaat - de oven kan pizza's met een diameter tot 40 cm bereiden<\/li>\n<li>Effici\u00ebntie - professionele apparatuur met uitstekende functies ondanks het bescheiden formaat<\/li>\n<li>Gemak - robuuste scharnierdeur met gehard glazen ruit<\/li>\n<li>Hoge kwaliteit - roestvrijstalen behuizing bestand tegen corrosie en invloeden van buitenaf<\/li>\n<\/ul>","protected":false},"featured_media":10686,"comment_status":"open","ping_status":"closed","template":"","meta":{"content-type":""},"product_cat":[76],"product_tag":[160],"wcpa_form_fields":{"wcpaData":{"product":{"product_price":249,"price_html":"<span class=\"woocommerce-Price-amount amount\"><bdi><span class=\"woocommerce-Price-currencySymbol\">&euro;<\/span>249.00<\/bdi><\/span> <span class=\"uom\">par jour<\/span>","original_product_price":249,"price_including_tax":249,"price_excluding_tax":249,"product_id":{"parent":10647,"variation":false},"is_variable":false,"stock_status":"instock","stock_quantity":null,"parent_sku":"","product_attributes":{"livraison":{"is_variation":false,"values":["Nous disposons de v\u00e9hicules pour vous livrer dans toute la Belgique en 2 jours"]},"disponibilite":{"is_variation":false,"values":["Votre location est r\u00e9cup\u00e9rable 1 jour avant la date de d\u00e9but de location \u00e0 partir de 14h00."]},"location":{"is_variation":false,"values":["Pour louer vos produits, vous pouvez choisir une date, la quantit\u00e9 et le nombre de jours soit directement via notre boutique en ligne ou en appelant directement le +32 487 102 252"]},"pa_type-de-materiel":{"is_variation":false,"values":["machine"]},"pa_couleur":{"is_variation":false,"values":["argente","blanc","bleu","dore","noir"]}},"custom_fields":[],"is_taxable":false,"product_name":"Four \u00e0 pizza - 1 chambre - 3200 W - \u00d8 40 cm"},"fields":{"sec_569f11f16806c9":{"extra":{"key":"sec_569f11f16806c9","section_id":"sec_569f11f16806c9","name":"D\u00e9faut","status":1,"cl_rule":"show","enableCl":false,"relations":[],"toggle":true,"title_tag":"h3","show_title":false,"showPrice":"default","form_id":5163,"form_rules":{"exclude_from_discount":false,"fee_label":"Frais","disp_hide_options_price":false,"disp_show_section_price":false,"disp_show_field_price":true,"layout_option":"standard","pric_use_as_fee":false,"process_fee_as":"woo_fee"},"layout_option":"standard"},"fields":[[{"type":"date","elementId":"wcpa-date-1715524842551","label":"Date de location","placeholder":"Ex : 20\/05\/2024","pricingType":"fixed","name":"date-1715524842551","min_date":"None","max_date":"None","cl_rule":"show","col":6,"relations":false,"active":true,"tooltip":"","picker_mode":"single","gt_translate_keys":["label","placeholder","tooltip"],"price_dependency":false,"cl_dependency":false,"value":""}],[{"type":"number","elementId":"wcpa-number-1637076052678","label":"Choisir la quantit\u00e9","value":"1","pricingType":"custom","price":"({field.wcpa-number-1636653070036.price}*{value})","min":"1","name":"number-1637076052678","cl_rule":"show","col":6,"relations":false,"active":true,"tooltip":"","gt_translate_keys":["label","value","tooltip"],"price_dependency":["wcpa-number-1636653070036"],"cl_dependency":false}],[{"type":"number","elementId":"wcpa-number-1636653070036","label":"Nombre de jours","value":"1","enablePrice":true,"pricingType":"custom","price":"({product_price}*{value}*{field.wcpa-number-1637076052678.value})-{product_price}","name":"number-1636653070036","cl_rule":"show","col":6,"relations":false,"active":true,"tooltip":"","gt_translate_keys":["label","value","tooltip"],"price_dependency":false,"cl_dependency":false}]]}},"config":{"price_override":"","enable_recaptcha":false,"bind_quantity":false,"quantity_bind_formula":false,"disp_summ_show_option_price":true,"disp_summ_show_product_price":true,"disp_summ_show_total_price":true,"disp_summ_show_fee":false,"disp_summ_show_discount":false,"summary_title":"","options_total_label":"Prix des options","total_label":"Total","options_product_label":"Prix du produit","fee_label":"Frais","discount_label":"Remise","has_price":true,"has_quantity_formula":false},"mc_unit":1,"tax_rate":1,"tax_rate_real":1,"discount":{"percentage":0,"fixed":0},"design":{"conf":{"LabelPosition":"above","DescPosition":"above","UploadField":"custom_1","QuantityFieldStyle":"default"},"css":{"LeftLabelWidth":"120px"}},"formulas":[],"clones":false,"cartKey":false}},"_links":{"self":[{"href":"https:\/\/www.luxuryevent.be\/nl\/wp-json\/wp\/v2\/product\/10647"}],"collection":[{"href":"https:\/\/www.luxuryevent.be\/nl\/wp-json\/wp\/v2\/product"}],"about":[{"href":"https:\/\/www.luxuryevent.be\/nl\/wp-json\/wp\/v2\/types\/product"}],"replies":[{"embeddable":true,"href":"https:\/\/www.luxuryevent.be\/nl\/wp-json\/wp\/v2\/comments?post=10647"}],"version-history":[{"count":1,"href":"https:\/\/www.luxuryevent.be\/nl\/wp-json\/wp\/v2\/product\/10647\/revisions"}],"predecessor-version":[{"id":10704,"href":"https:\/\/www.luxuryevent.be\/nl\/wp-json\/wp\/v2\/product\/10647\/revisions\/10704"}],"wp:featuredmedia":[{"embeddable":true,"href":"https:\/\/www.luxuryevent.be\/nl\/wp-json\/wp\/v2\/media\/10686"}],"wp:attachment":[{"href":"https:\/\/www.luxuryevent.be\/nl\/wp-json\/wp\/v2\/media?parent=10647"}],"wp:term":[{"taxonomy":"product_cat","embeddable":true,"href":"https:\/\/www.luxuryevent.be\/nl\/wp-json\/wp\/v2\/product_cat?post=10647"},{"taxonomy":"product_tag","embeddable":true,"href":"https:\/\/www.luxuryevent.be\/nl\/wp-json\/wp\/v2\/product_tag?post=10647"}],"curies":[{"name":"wp","href":"https:\/\/api.w.org\/{rel}","templated":true}]}}