{"id":10645,"date":"2023-12-13T11:05:04","date_gmt":"2023-12-13T11:05:04","guid":{"rendered":"https:\/\/www.luxuryevent.be\/?post_type=product&#038;p=10645"},"modified":"2024-05-25T16:47:40","modified_gmt":"2024-05-25T16:47:40","slug":"plancha-electrique-double","status":"publish","type":"product","link":"https:\/\/www.luxuryevent.be\/nl\/product\/elektrische-dubbele-bakplaat\/","title":{"rendered":"Dubbele elektrische bakplaat"},"content":{"rendered":"<div class=\"product-description__wrapper\" data-v-29c780c7=\"\">\n<h3 class=\"product-description__title\" data-v-29c780c7=\"\">Knapperige, smakelijke gerechten bereid in een handomdraai dankzij een professionele elektrische bakplaat met twee stalen branders<\/h3>\n<p class=\"product-description__text\" data-v-29c780c7=\"\">Met behulp van deze professionele elektrische bakplaat uit het assortiment van Royal Catering kun je het hele jaar door heerlijke gegrilde gerechten serveren. Of je nu sappige steaks en hamburgers, vis, omeletten, tortilla's of verrukkelijke gegrilde groenten wilt bereiden - met deze roestvrijstalen bakplaat zijn er geen grenzen aan je verbeelding. Dit dubbele model zal je overtuigen met zijn lage rookproductie en schone, hygi\u00ebnische werking. Hij is perfect voor gebruik in een breed scala aan omgevingen, van gemeenschappelijke keukens en restaurants tot snackbars en foodtrucks.<\/p>\n<\/div>\n<div class=\"product-description__wrapper\" data-v-29c780c7=\"\">\n<h3 class=\"product-description__title\" data-v-29c780c7=\"\">De professionele elektrische bakplaat: een krachtig, goed ontworpen kooktoestel van Royal Catering<\/h3>\n<p class=\"product-description__text\" data-v-29c780c7=\"\">Deze dubbele bakplaat is uitgerust met een automatische thermostaat om temperatuurstabiliteit te garanderen. Bovendien heeft hij een krachtig verwarmingselement van 2 x 2.200 W waarmee hij zeer snel een bedrijfstemperatuur van 50 - 300\u00b0C kan bereiken, instelbaar met gebruiksvriendelijke knoppen.&nbsp;<\/p>\n<p class=\"product-description__text\" data-v-29c780c7=\"\">De krachtige kookplaat van dit apparaat is gemaakt van staal, zodat hij de warmte van de verwarmingselementen snel en effici\u00ebnt geleidt en opslaat. Met een dikte van 10 mm meet hij 730 x 400 mm en heeft hij een glad oppervlak dat zeer hygi\u00ebnisch en gemakkelijk schoon te maken is.<\/p>\n<p class=\"product-description__text\" data-v-29c780c7=\"\">De kookplaat is aan drie kanten omgeven door een spatscherm, dat de wanden en de omgeving beschermt tegen spatten. De behuizing van deze professionele restaurantplaat is gemaakt van roestvrij staal, een materiaal dat bijzonder corrosiebestendig, moeiteloos schoon te maken en neutraal is wanneer het in contact komt met voedsel.<\/p>\n<p class=\"product-description__text\" data-v-29c780c7=\"\">Om het onderhoud nog eenvoudiger te maken, is deze tafelplaat voorzien van een lekbak die overtollig vet afvoert naar een uitneembare lekbak die moeiteloos kan worden verwijderd en gereinigd. Het apparaat is ook zeer stabiel dankzij de vier rubberen antislipvoetjes, die krassen op het werkblad voorkomen.<\/p>\n<\/div>","protected":false},"excerpt":{"rendered":"<ul class=\"product__highlights list-inside leading-relaxed pl-2\">\n<li>Flexibiliteit - een plancha met een gladde plaat, ideaal voor een verscheidenheid aan gerechten, geschikt voor restaurants en snackbars en mobiele verkoopwagens<\/li>\n<li>Prestaties - vermogen van 2 x 2.200 W en temperatuurbereik van 50 - 300 \u00b0C<\/li>\n<li>Professionele apparatuur - optimaal koken dankzij een volautomatische thermostaat&nbsp;<\/li>\n<li>Gemak - spatbescherming en vetvanger voor schone, aangename werkomstandigheden<\/li>\n<li>Duurzaamheid - hoogwaardige afwerking, roestvrijstalen behuizing en stalen kookplaat<\/li>\n<\/ul>","protected":false},"featured_media":10691,"comment_status":"open","ping_status":"closed","template":"","meta":{"content-type":""},"product_cat":[76],"product_tag":[160],"wcpa_form_fields":{"wcpaData":{"product":{"product_price":41,"price_html":"<span class=\"woocommerce-Price-amount amount\"><bdi><span class=\"woocommerce-Price-currencySymbol\">&euro;<\/span>41.00<\/bdi><\/span> <span class=\"uom\">par jour<\/span>","original_product_price":41,"price_including_tax":41,"price_excluding_tax":41,"product_id":{"parent":10645,"variation":false},"is_variable":false,"stock_status":"instock","stock_quantity":null,"parent_sku":"","product_attributes":{"livraison":{"is_variation":false,"values":["Nous disposons de v\u00e9hicules pour vous livrer dans toute la Belgique en 2 jours"]},"disponibilite":{"is_variation":false,"values":["Votre location est r\u00e9cup\u00e9rable 1 jour avant la date de d\u00e9but de location \u00e0 partir de 14h00."]},"location":{"is_variation":false,"values":["Pour louer vos produits, vous pouvez choisir une date, la quantit\u00e9 et le nombre de jours soit directement via notre boutique en ligne ou en appelant directement le +32 487 102 252"]},"pa_type-de-materiel":{"is_variation":false,"values":["machine"]},"pa_couleur":{"is_variation":false,"values":["argente","blanc","bleu","dore","noir"]}},"custom_fields":[],"is_taxable":false,"product_name":"Plancha Electrique Double"},"fields":{"sec_669f14f9b1aecb":{"extra":{"key":"sec_669f14f9b1aecb","section_id":"sec_669f14f9b1aecb","name":"Standaard","status":1,"cl_rule":"show","enableCl":false,"relations":[],"toggle":true,"title_tag":"h3","show_title":false,"showPrice":"default","form_id":5163,"form_rules":{"exclude_from_discount":false,"fee_label":"Vergoeding","disp_hide_options_price":false,"disp_show_section_price":false,"disp_show_field_price":true,"layout_option":"standard","pric_use_as_fee":false,"process_fee_as":"woo_fee"},"layout_option":"standard"},"fields":[[{"type":"date","elementId":"wcpa-date-1715524842551","label":"Date de location","placeholder":"Ex : 20\/05\/2024","pricingType":"fixed","name":"date-1715524842551","min_date":"None","max_date":"None","cl_rule":"show","col":6,"relations":false,"active":true,"tooltip":"","picker_mode":"single","gt_translate_keys":["label","placeholder","tooltip"],"price_dependency":false,"cl_dependency":false,"value":""}],[{"type":"number","elementId":"wcpa-number-1637076052678","label":"Choisir la quantit\u00e9","value":"1","pricingType":"custom","price":"({field.wcpa-number-1636653070036.price}*{value})","min":"1","name":"number-1637076052678","cl_rule":"show","col":6,"relations":false,"active":true,"tooltip":"","gt_translate_keys":["label","value","tooltip"],"price_dependency":["wcpa-number-1636653070036"],"cl_dependency":false}],[{"type":"number","elementId":"wcpa-number-1636653070036","label":"Nombre de jours","value":"1","enablePrice":true,"pricingType":"custom","price":"({product_price}*{value}*{field.wcpa-number-1637076052678.value})-{product_price}","name":"number-1636653070036","cl_rule":"show","col":6,"relations":false,"active":true,"tooltip":"","gt_translate_keys":["label","value","tooltip"],"price_dependency":false,"cl_dependency":false}]]}},"config":{"price_override":"","enable_recaptcha":false,"bind_quantity":false,"quantity_bind_formula":false,"disp_summ_show_option_price":true,"disp_summ_show_product_price":true,"disp_summ_show_total_price":true,"disp_summ_show_fee":false,"disp_summ_show_discount":false,"summary_title":"","options_total_label":"Prijs opties","total_label":"Totaal","options_product_label":"Product Prijs","fee_label":"Vergoeding","discount_label":"Korting","has_price":true,"has_quantity_formula":false},"mc_unit":1,"tax_rate":1,"tax_rate_real":1,"discount":{"percentage":0,"fixed":0},"design":{"conf":{"LabelPosition":"above","DescPosition":"above","UploadField":"custom_1","QuantityFieldStyle":"default"},"css":{"LeftLabelWidth":"120px"}},"formulas":[],"clones":false,"cartKey":false}},"_links":{"self":[{"href":"https:\/\/www.luxuryevent.be\/nl\/wp-json\/wp\/v2\/product\/10645"}],"collection":[{"href":"https:\/\/www.luxuryevent.be\/nl\/wp-json\/wp\/v2\/product"}],"about":[{"href":"https:\/\/www.luxuryevent.be\/nl\/wp-json\/wp\/v2\/types\/product"}],"replies":[{"embeddable":true,"href":"https:\/\/www.luxuryevent.be\/nl\/wp-json\/wp\/v2\/comments?post=10645"}],"version-history":[{"count":2,"href":"https:\/\/www.luxuryevent.be\/nl\/wp-json\/wp\/v2\/product\/10645\/revisions"}],"predecessor-version":[{"id":10718,"href":"https:\/\/www.luxuryevent.be\/nl\/wp-json\/wp\/v2\/product\/10645\/revisions\/10718"}],"wp:featuredmedia":[{"embeddable":true,"href":"https:\/\/www.luxuryevent.be\/nl\/wp-json\/wp\/v2\/media\/10691"}],"wp:attachment":[{"href":"https:\/\/www.luxuryevent.be\/nl\/wp-json\/wp\/v2\/media?parent=10645"}],"wp:term":[{"taxonomy":"product_cat","embeddable":true,"href":"https:\/\/www.luxuryevent.be\/nl\/wp-json\/wp\/v2\/product_cat?post=10645"},{"taxonomy":"product_tag","embeddable":true,"href":"https:\/\/www.luxuryevent.be\/nl\/wp-json\/wp\/v2\/product_tag?post=10645"}],"curies":[{"name":"wp","href":"https:\/\/api.w.org\/{rel}","templated":true}]}}