{"id":8857,"date":"2023-01-24T14:59:23","date_gmt":"2023-01-24T14:59:23","guid":{"rendered":"https:\/\/www.luxuryevent.be\/?post_type=product&#038;p=8857"},"modified":"2024-08-23T11:22:02","modified_gmt":"2024-08-23T11:22:02","slug":"noeud-de-chaise-satin-15","status":"publish","type":"product","link":"https:\/\/www.luxuryevent.be\/en\/product\/noeud-de-chaise-satin-15\/","title":{"rendered":"Satin Chair Knot"},"content":{"rendered":"<p>Our Satin chair bows will add a silky, sophisticated touch to your chairs, whatever their shape.<\/p>\n<p>Smooth and shiny, satin is very soft and easy to apply. With satin chair bows, you can create a luxurious decoration for your event.<\/p>","protected":false},"excerpt":{"rendered":"<p>Our Satin chair bows will add a silky, sophisticated touch to your chairs, whatever their shape.<\/p>\n<p>Smooth and shiny, satin is very soft and easy to apply. With satin chair bows, you can create a luxurious decoration for your event.<\/p>","protected":false},"featured_media":8877,"comment_status":"open","ping_status":"closed","template":"","meta":{"content-type":""},"product_cat":[124],"product_tag":[160],"wcpa_form_fields":{"wcpaData":{"product":{"product_price":0.8,"price_html":"<span class=\"woocommerce-Price-amount amount\"><bdi><span class=\"woocommerce-Price-currencySymbol\">&euro;<\/span>0.80<\/bdi><\/span> <span class=\"uom\">- (prix par jour)<\/span>","original_product_price":0.8,"price_including_tax":0.8,"price_excluding_tax":0.8,"product_id":{"parent":8857,"variation":false},"is_variable":false,"stock_status":"instock","stock_quantity":null,"parent_sku":"","product_attributes":{"livraison":{"is_variation":false,"values":["Nous disposons de v\u00e9hicules pour vous livrer dans toute la Belgique en 2 jours"]},"disponibilite":{"is_variation":false,"values":["Votre location est r\u00e9cup\u00e9rable 1 jour avant la date de d\u00e9but de location \u00e0 partir de 14h00."]},"location":{"is_variation":false,"values":["Pour louer vos produits, vous pouvez choisir une date, la quantit\u00e9 et le nombre de jours soit directement via notre boutique en ligne ou en appelant directement le +32 487 102 252"]},"pa_type-de-materiel":{"is_variation":false,"values":["nappe"]}},"custom_fields":[],"is_taxable":false,"product_name":"N\u0153ud de Chaise Satin"},"fields":{"sec_769f0c15dd4d17":{"extra":{"key":"sec_769f0c15dd4d17","section_id":"sec_769f0c15dd4d17","name":"Default","status":1,"cl_rule":"show","enableCl":false,"relations":[],"toggle":true,"title_tag":"h3","show_title":false,"showPrice":"default","form_id":5163,"form_rules":{"exclude_from_discount":false,"fee_label":"Fee","disp_hide_options_price":false,"disp_show_section_price":false,"disp_show_field_price":true,"layout_option":"standard","pric_use_as_fee":false,"process_fee_as":"woo_fee"},"layout_option":"standard"},"fields":[[{"type":"date","elementId":"wcpa-date-1715524842551","label":"Date de location","placeholder":"Ex : 20\/05\/2024","pricingType":"fixed","name":"date-1715524842551","min_date":"None","max_date":"None","cl_rule":"show","col":6,"relations":false,"active":true,"tooltip":"","picker_mode":"single","gt_translate_keys":["label","placeholder","tooltip"],"price_dependency":false,"cl_dependency":false,"value":""}],[{"type":"number","elementId":"wcpa-number-1637076052678","label":"Choisir la quantit\u00e9","value":"1","pricingType":"custom","price":"({field.wcpa-number-1636653070036.price}*{value})","min":"1","name":"number-1637076052678","cl_rule":"show","col":6,"relations":false,"active":true,"tooltip":"","gt_translate_keys":["label","value","tooltip"],"price_dependency":["wcpa-number-1636653070036"],"cl_dependency":false}],[{"type":"number","elementId":"wcpa-number-1636653070036","label":"Nombre de jours","value":"1","enablePrice":true,"pricingType":"custom","price":"({product_price}*{value}*{field.wcpa-number-1637076052678.value})-{product_price}","name":"number-1636653070036","cl_rule":"show","col":6,"relations":false,"active":true,"tooltip":"","gt_translate_keys":["label","value","tooltip"],"price_dependency":false,"cl_dependency":false}]]}},"config":{"price_override":"","enable_recaptcha":false,"bind_quantity":false,"quantity_bind_formula":false,"disp_summ_show_option_price":true,"disp_summ_show_product_price":true,"disp_summ_show_total_price":true,"disp_summ_show_fee":false,"disp_summ_show_discount":false,"summary_title":"","options_total_label":"Options Price","total_label":"Total","options_product_label":"Product Price","fee_label":"Fee","discount_label":"Discount","has_price":true,"has_quantity_formula":false},"mc_unit":1,"tax_rate":1,"tax_rate_real":1,"discount":{"percentage":0,"fixed":0},"design":{"conf":{"LabelPosition":"above","DescPosition":"above","UploadField":"custom_1","QuantityFieldStyle":"default"},"css":{"LeftLabelWidth":"120px"}},"formulas":[],"clones":false,"cartKey":false}},"_links":{"self":[{"href":"https:\/\/www.luxuryevent.be\/en\/wp-json\/wp\/v2\/product\/8857"}],"collection":[{"href":"https:\/\/www.luxuryevent.be\/en\/wp-json\/wp\/v2\/product"}],"about":[{"href":"https:\/\/www.luxuryevent.be\/en\/wp-json\/wp\/v2\/types\/product"}],"replies":[{"embeddable":true,"href":"https:\/\/www.luxuryevent.be\/en\/wp-json\/wp\/v2\/comments?post=8857"}],"version-history":[{"count":1,"href":"https:\/\/www.luxuryevent.be\/en\/wp-json\/wp\/v2\/product\/8857\/revisions"}],"predecessor-version":[{"id":8910,"href":"https:\/\/www.luxuryevent.be\/en\/wp-json\/wp\/v2\/product\/8857\/revisions\/8910"}],"wp:featuredmedia":[{"embeddable":true,"href":"https:\/\/www.luxuryevent.be\/en\/wp-json\/wp\/v2\/media\/8877"}],"wp:attachment":[{"href":"https:\/\/www.luxuryevent.be\/en\/wp-json\/wp\/v2\/media?parent=8857"}],"wp:term":[{"taxonomy":"product_cat","embeddable":true,"href":"https:\/\/www.luxuryevent.be\/en\/wp-json\/wp\/v2\/product_cat?post=8857"},{"taxonomy":"product_tag","embeddable":true,"href":"https:\/\/www.luxuryevent.be\/en\/wp-json\/wp\/v2\/product_tag?post=8857"}],"curies":[{"name":"wp","href":"https:\/\/api.w.org\/{rel}","templated":true}]}}