{"id":8015,"date":"2022-09-09T09:14:27","date_gmt":"2022-09-09T09:14:27","guid":{"rendered":"https:\/\/www.luxuryevent.be\/?post_type=product&#038;p=8015"},"modified":"2024-08-23T11:22:01","modified_gmt":"2024-08-23T11:22:01","slug":"fumigene-de-main-45s","status":"publish","type":"product","link":"https:\/\/www.luxuryevent.be\/en\/product\/fumigene-de-main-45s\/","title":{"rendered":"Hand smoke (45s)"},"content":{"rendered":"<p>How to use: Hold the blue torch lighter firmly in your hand. Using a lighter or match, light the wick on the top end of the torch.<br \/>\nDuration: 45 seconds.dimensions: height 213 mm, diameter 44 mm.use: outdoor.standards: CE \/ NF.category: T1 (the use of the smoke generator is reserved for people over 18 years of age).the use of the smoke generator torch requires the respect of the precautions described in the instructions for use.the smoke generator in the shape of a torch will allow you to have a solid grip to hold your smoke generator in hand.<\/p>","protected":false},"excerpt":{"rendered":"<p>How to use: Hold the blue torch lighter firmly in your hand. Using a lighter or match, light the wick on the top end of the torch.<br \/>\nDuration: 45 seconds.<br \/>\nDimensions: height 213 mm, diameter 44 mm.<br \/>\nUsage: Outdoor.<br \/>\nStandards: CE \/ NF.<br \/>\nCategory: T1 (the use of smoke is restricted to persons over 18 years of age)<br \/>\nWhen using the torch smoke, the precautions described in the instructions for use must be observed.<\/p>\n<p>The torch-shaped smoke canister will give you a firm grip on your smoke canister.<\/p>","protected":false},"featured_media":8027,"comment_status":"open","ping_status":"closed","template":"","meta":{"content-type":""},"product_cat":[112,116],"product_tag":[131],"wcpa_form_fields":{"wcpaData":{"product":{"product_price":15,"price_html":"<span class=\"woocommerce-Price-amount amount\"><bdi><span class=\"woocommerce-Price-currencySymbol\">&euro;<\/span>15.00<\/bdi><\/span> <span class=\"uom\">(prix par unit\u00e9)<\/span>","original_product_price":15,"price_including_tax":15,"price_excluding_tax":15,"product_id":{"parent":8015,"variation":false},"is_variable":false,"stock_status":"instock","stock_quantity":null,"parent_sku":"","product_attributes":{"livraison":{"is_variation":false,"values":["Nous disposons de v\u00e9hicules pour vous livrer dans toute la Belgique et en France"]},"disponibilite":{"is_variation":false,"values":["Votre mat\u00e9riel est disponible en 1 \u00e0 2 semaines"]}},"custom_fields":[],"is_taxable":false,"product_name":"Fumig\u00e8ne de main (45s)"},"fields":{"sec_869f3016a1c8df":{"extra":{"key":"sec_869f3016a1c8df","section_id":"sec_869f3016a1c8df","name":"D\u00e9faut","status":1,"cl_rule":"show","enableCl":false,"relations":[],"toggle":true,"title_tag":"h3","show_title":false,"showPrice":"default","form_id":9782,"form_rules":{"exclude_from_discount":false,"fee_label":"Frais","disp_hide_options_price":false,"disp_show_section_price":false,"disp_show_field_price":true,"layout_option":"standard","pric_use_as_fee":false,"process_fee_as":"woo_fee"},"layout_option":"standard"},"fields":[[{"type":"number","elementId":"wcpa-number-652ff7aaa33d1","label":"Choisir la quantit\u00e9","value":"1","enablePrice":true,"pricingType":"custom","price":"({value}*{product_price})-{product_price}","min":"1","name":"number-652ff7aaa33d1","cl_rule":"show","col":6,"relations":false,"active":true,"tooltip":"","gt_translate_keys":["label","value","tooltip"],"price_dependency":false,"cl_dependency":false}]]}},"config":{"price_override":"","enable_recaptcha":false,"bind_quantity":false,"quantity_bind_formula":false,"disp_summ_show_option_price":true,"disp_summ_show_product_price":true,"disp_summ_show_total_price":true,"disp_summ_show_fee":false,"disp_summ_show_discount":false,"summary_title":"","options_total_label":"Prix des options","total_label":"Total","options_product_label":"Prix du produit","fee_label":"Frais","discount_label":"Remise","has_price":true,"has_quantity_formula":false},"mc_unit":1,"tax_rate":1,"tax_rate_real":1,"discount":{"percentage":0,"fixed":0},"design":{"conf":{"LabelPosition":"above","DescPosition":"above","UploadField":"custom_1","QuantityFieldStyle":"default"},"css":{"LeftLabelWidth":"120px"}},"formulas":[],"clones":false,"cartKey":false}},"_links":{"self":[{"href":"https:\/\/www.luxuryevent.be\/en\/wp-json\/wp\/v2\/product\/8015"}],"collection":[{"href":"https:\/\/www.luxuryevent.be\/en\/wp-json\/wp\/v2\/product"}],"about":[{"href":"https:\/\/www.luxuryevent.be\/en\/wp-json\/wp\/v2\/types\/product"}],"replies":[{"embeddable":true,"href":"https:\/\/www.luxuryevent.be\/en\/wp-json\/wp\/v2\/comments?post=8015"}],"version-history":[{"count":3,"href":"https:\/\/www.luxuryevent.be\/en\/wp-json\/wp\/v2\/product\/8015\/revisions"}],"predecessor-version":[{"id":8404,"href":"https:\/\/www.luxuryevent.be\/en\/wp-json\/wp\/v2\/product\/8015\/revisions\/8404"}],"wp:featuredmedia":[{"embeddable":true,"href":"https:\/\/www.luxuryevent.be\/en\/wp-json\/wp\/v2\/media\/8027"}],"wp:attachment":[{"href":"https:\/\/www.luxuryevent.be\/en\/wp-json\/wp\/v2\/media?parent=8015"}],"wp:term":[{"taxonomy":"product_cat","embeddable":true,"href":"https:\/\/www.luxuryevent.be\/en\/wp-json\/wp\/v2\/product_cat?post=8015"},{"taxonomy":"product_tag","embeddable":true,"href":"https:\/\/www.luxuryevent.be\/en\/wp-json\/wp\/v2\/product_tag?post=8015"}],"curies":[{"name":"wp","href":"https:\/\/api.w.org\/{rel}","templated":true}]}}