{"id":15950,"date":"2024-11-06T19:34:26","date_gmt":"2024-11-06T19:34:26","guid":{"rendered":"https:\/\/www.luxuryevent.be\/?post_type=product&#038;p=15950"},"modified":"2024-11-06T19:52:32","modified_gmt":"2024-11-06T19:52:32","slug":"jet-de-scene-8-stations","status":"publish","type":"product","link":"https:\/\/www.luxuryevent.be\/en\/product\/jet-de-scene-8-stations\/","title":{"rendered":"Jet de Sc\u00e8ne 8 stations"},"content":{"rendered":"<p>Stage jets are an excellent way of creating spectacular entertainment at a wedding, concert or outdoor show. However, to install them comfortably, you'll need an accessory like the ARDI 8-station shooting kit + 2 remote controls for stage jets.<\/p>\n<p><strong>Enjoy a professional shooting experience with perfectly synchronised effects<\/strong><br \/>As the name suggests, this kit consists of 8 stage jet stations that are compatible with most ARDI stage jets. The firing stations are independent, so you can fire them individually. All you have to do is set one of the remote controls to the station you want to activate.<\/p>\n<p>The 8-station firing kit comes with 2 wireless remote controls, each with a range of 50 metres. So you can set off the sparkling explosions from different points in the room or at the venue.<\/p>\n<p>12 LR06 battery-powered HF stations (batteries included)<br \/>2 remote controls (batteries included)<br \/>Flight Case for storage included. <br \/>Range: 100 metres. <br \/>Compatible with our entire range of stage jets.<br \/>Use: Indoor &amp; Outdoor <br \/>Use by minors is FORBIDDEN. Be sure to follow the instructions for use and safety.<br \/>As part of our commitment to the environment, our station kits are made from recycled plastic, so the plastic in our stations comes out with slight marks. We guarantee that our products are new and not second-hand, so we're doing the right thing for the Planet.<\/p>","protected":false},"excerpt":{"rendered":"<p>Stage jets are an excellent way of creating spectacular entertainment at a wedding, concert or outdoor show. However, to install them comfortably, you'll need an accessory like the ARDI 8-station shooting kit + 2 remote controls for stage jets.<\/p>","protected":false},"featured_media":15841,"comment_status":"open","ping_status":"closed","template":"","meta":{"content-type":""},"product_cat":[182],"product_tag":[131],"wcpa_form_fields":{"wcpaData":{"product":{"product_price":405,"price_html":"<span class=\"woocommerce-Price-amount amount\"><bdi><span class=\"woocommerce-Price-currencySymbol\">&euro;<\/span>405.00<\/bdi><\/span> <span class=\"uom\">par unit\u00e9<\/span>","original_product_price":405,"price_including_tax":405,"price_excluding_tax":405,"product_id":{"parent":15950,"variation":false},"is_variable":false,"stock_status":"instock","stock_quantity":null,"parent_sku":"","product_attributes":{"livraison":{"is_variation":false,"values":["Nous disposons de v\u00e9hicules pour vous livrer dans toute la Belgique en 2 jours"]},"disponibilite":{"is_variation":false,"values":["Votre location est r\u00e9cup\u00e9rable 1 jour avant la date de d\u00e9but de location \u00e0 partir de 14h00."]},"location":{"is_variation":false,"values":["Pour louer vos produits, vous pouvez choisir une date, la quantit\u00e9 et le nombre de jours soit directement via notre boutique en ligne ou en appelant directement le +32 487 102 252"]}},"custom_fields":[],"is_taxable":false,"product_name":"Jet de Sc\u00e8ne 8 stations"},"fields":{"sec_069f32fc7c3dfb":{"extra":{"key":"sec_069f32fc7c3dfb","section_id":"sec_069f32fc7c3dfb","name":"Default","status":1,"cl_rule":"show","enableCl":false,"relations":[],"toggle":true,"title_tag":"h3","show_title":false,"showPrice":"default","form_id":9782,"form_rules":{"exclude_from_discount":false,"fee_label":"Fee","disp_hide_options_price":false,"disp_show_section_price":false,"disp_show_field_price":true,"layout_option":"standard","pric_use_as_fee":false,"process_fee_as":"woo_fee"},"layout_option":"standard"},"fields":[[{"type":"number","elementId":"wcpa-number-652ff7aaa33d1","label":"Choisir la quantit\u00e9","value":"1","enablePrice":true,"pricingType":"custom","price":"({value}*{product_price})-{product_price}","min":"1","name":"number-652ff7aaa33d1","cl_rule":"show","col":6,"relations":false,"active":true,"tooltip":"","gt_translate_keys":["label","value","tooltip"],"price_dependency":false,"cl_dependency":false}]]}},"config":{"price_override":"","enable_recaptcha":false,"bind_quantity":false,"quantity_bind_formula":false,"disp_summ_show_option_price":true,"disp_summ_show_product_price":true,"disp_summ_show_total_price":true,"disp_summ_show_fee":false,"disp_summ_show_discount":false,"summary_title":"","options_total_label":"Options Price","total_label":"Total","options_product_label":"Product Price","fee_label":"Fee","discount_label":"Discount","has_price":true,"has_quantity_formula":false},"mc_unit":1,"tax_rate":1,"tax_rate_real":1,"discount":{"percentage":0,"fixed":0},"design":{"conf":{"LabelPosition":"above","DescPosition":"above","UploadField":"custom_1","QuantityFieldStyle":"default"},"css":{"LeftLabelWidth":"120px"}},"formulas":[],"clones":false,"cartKey":false}},"_links":{"self":[{"href":"https:\/\/www.luxuryevent.be\/en\/wp-json\/wp\/v2\/product\/15950"}],"collection":[{"href":"https:\/\/www.luxuryevent.be\/en\/wp-json\/wp\/v2\/product"}],"about":[{"href":"https:\/\/www.luxuryevent.be\/en\/wp-json\/wp\/v2\/types\/product"}],"replies":[{"embeddable":true,"href":"https:\/\/www.luxuryevent.be\/en\/wp-json\/wp\/v2\/comments?post=15950"}],"version-history":[{"count":1,"href":"https:\/\/www.luxuryevent.be\/en\/wp-json\/wp\/v2\/product\/15950\/revisions"}],"predecessor-version":[{"id":15970,"href":"https:\/\/www.luxuryevent.be\/en\/wp-json\/wp\/v2\/product\/15950\/revisions\/15970"}],"wp:featuredmedia":[{"embeddable":true,"href":"https:\/\/www.luxuryevent.be\/en\/wp-json\/wp\/v2\/media\/15841"}],"wp:attachment":[{"href":"https:\/\/www.luxuryevent.be\/en\/wp-json\/wp\/v2\/media?parent=15950"}],"wp:term":[{"taxonomy":"product_cat","embeddable":true,"href":"https:\/\/www.luxuryevent.be\/en\/wp-json\/wp\/v2\/product_cat?post=15950"},{"taxonomy":"product_tag","embeddable":true,"href":"https:\/\/www.luxuryevent.be\/en\/wp-json\/wp\/v2\/product_tag?post=15950"}],"curies":[{"name":"wp","href":"https:\/\/api.w.org\/{rel}","templated":true}]}}