{"id":15093,"date":"2024-09-24T20:28:05","date_gmt":"2024-09-24T20:28:05","guid":{"rendered":"https:\/\/www.luxuryevent.be\/?post_type=product&#038;p=15093"},"modified":"2024-11-06T19:26:10","modified_gmt":"2024-11-06T19:26:10","slug":"photobooth-polaroid","status":"publish","type":"product","link":"https:\/\/www.luxuryevent.be\/en\/product\/photobooth-polaroid\/","title":{"rendered":"Polaroid Photobooth"},"content":{"rendered":"<ul class=\"small pl-3 mb-3\">\n<li>Photo customisation<\/li>\n<li>Screen customisation<\/li>\n<li>Send unlimited photos by email<\/li>\n<li>Sharing photos on social networks<\/li>\n<li>Retrieving photos via an online gallery<\/li>\n<li>Printing of the Photo Book of the event (format 25\u00d725 - 40 pages - hard cover - without options)<\/li>\n<li>Price per weekend or any other day of the week<\/li>\n<li>Delivery, installation and collection by our team from Monday to Friday inclusive (for Belgium only, extra charge of 55 euros per journey at weekends or on public holidays).<\/li>\n<\/ul>","protected":false},"excerpt":{"rendered":"<div class=\"elementor-element elementor-element-763f4693 elementor-widget elementor-widget-text-editor\" data-id=\"763f4693\" data-element_type=\"widget\" data-widget_type=\"text-editor.default\">\n<div class=\"elementor-widget-container\">\n<p>Are you planning a wedding, a company party, a birthday or a team-building activity? Think about hiring a photobooth to capture the smiles on your guests' faces by offering a unique and original experience.\u00a0<strong>original, interactive animation<\/strong>. Your guests will leave with memorable photos of your event! Book the hire of your photo booth with Luxury Event: your preferred partner for all your events. <strong>business and private events<\/strong>.<\/p>\n<\/div>\n<\/div>","protected":false},"featured_media":15084,"comment_status":"open","ping_status":"closed","template":"","meta":{"content-type":""},"product_cat":[76,179],"product_tag":[160],"wcpa_form_fields":{"wcpaData":{"product":{"product_price":100,"price_html":"<span class=\"woocommerce-Price-amount amount\"><bdi><span class=\"woocommerce-Price-currencySymbol\">&euro;<\/span>100.00<\/bdi><\/span> <span class=\"uom\">par jour<\/span>","original_product_price":100,"price_including_tax":100,"price_excluding_tax":100,"product_id":{"parent":15093,"variation":false},"is_variable":false,"stock_status":"instock","stock_quantity":null,"parent_sku":"","product_attributes":{"livraison":{"is_variation":false,"values":["Nous disposons de v\u00e9hicules pour vous livrer dans toute la Belgique en 2 jours"]},"disponibilite":{"is_variation":false,"values":["Votre location est r\u00e9cup\u00e9rable 1 jour avant la date de d\u00e9but de location \u00e0 partir de 14h00."]},"location":{"is_variation":false,"values":["Pour louer vos produits, vous pouvez choisir une date, la quantit\u00e9 et le nombre de jours soit directement via notre boutique en ligne ou en appelant directement le +32 487 102 252"]},"pa_type-de-materiel":{"is_variation":false,"values":["machine"]},"pa_couleur":{"is_variation":false,"values":["argente","blanc","bleu","dore","noir"]}},"custom_fields":[],"is_taxable":false,"product_name":"Photobooth Polaroid"},"fields":{"sec_666f27ad705020":{"extra":{"key":"sec_666f27ad705020","section_id":"sec_666f27ad705020","name":"Default","status":1,"cl_rule":"show","enableCl":false,"relations":[],"toggle":true,"title_tag":"h3","show_title":false,"showPrice":"default","form_id":15016,"form_rules":{"exclude_from_discount":false,"fee_label":"Vergoeding","disp_hide_options_price":false,"disp_show_section_price":false,"disp_show_field_price":true,"layout_option":"standard","pric_use_as_fee":false,"process_fee_as":"woo_fee"},"layout_option":"standard"},"fields":[[{"type":"date","elementId":"date_466f27ad70505a","label":"Date de location","placeholder":"Ex : 20\/05\/2024","pricingType":"fixed","name":"date_466f27ad70505a","min_date":"None","max_date":"None","cl_rule":"show","col":6,"relations":false,"active":true,"tooltip":"","picker_mode":"single","gt_translate_keys":["label","placeholder","tooltip"],"price_dependency":false,"cl_dependency":false,"value":""}],[{"active":true,"col":6,"relations":false,"cl_rule":"show","enableCl":false,"price":"","enablePrice":true,"className":"","label_position":"default","desc_position":"default","type":"select","required":false,"elementId":"select_1673557349","label":"Nombre d'impression ","name":"select_1673557349","values":[{"label":"100 impressions","value":"Option - 1","selected":false,"tempId":"aco_318","price":"0","gt_translate_keys":["label"]},{"label":"150 impressions","value":"Option - 2","selected":false,"tempId":"aco_319","price":"50","gt_translate_keys":["label"]},{"label":"200 impressions","value":"Option - 3","selected":false,"tempId":"aco_320","price":"100","gt_translate_keys":["label"]},{"label":"250 impressions","value":"Option - 4","selected":false,"tempId":"aco_843","price":"150","gt_translate_keys":["label"]},{"label":"300 impressions","value":"Option - 5","selected":false,"tempId":"aco_988","price":"200","gt_translate_keys":["label"]},{"label":"400 impressions","value":"Option - 6","selected":false,"tempId":"aco_1052","price":"250","gt_translate_keys":["label"]},{"label":"500 impressions","value":"Option - 7","selected":false,"tempId":"aco_1215","price":"300","gt_translate_keys":["label"]}],"dropdown_type":"basic","error":false,"priceOptions":"different_for_all","pricingType":"multiply","use_as_fee":false,"gt_translate_keys":["label"],"price_dependency":false,"cl_dependency":false,"value":""}]]}},"config":{"price_override":"","enable_recaptcha":false,"bind_quantity":false,"quantity_bind_formula":false,"disp_summ_show_option_price":true,"disp_summ_show_product_price":true,"disp_summ_show_total_price":true,"disp_summ_show_fee":false,"disp_summ_show_discount":false,"summary_title":"","options_total_label":"Prijs opties","total_label":"Totaal","options_product_label":"Product Prijs","fee_label":"Vergoeding","discount_label":"Korting","has_price":true,"has_quantity_formula":false},"mc_unit":1,"tax_rate":1,"tax_rate_real":1,"discount":{"percentage":0,"fixed":0},"design":{"conf":{"LabelPosition":"above","DescPosition":"above","UploadField":"custom_1","QuantityFieldStyle":"default"},"css":{"LeftLabelWidth":"120px"}},"formulas":[],"clones":false,"cartKey":false}},"_links":{"self":[{"href":"https:\/\/www.luxuryevent.be\/en\/wp-json\/wp\/v2\/product\/15093"}],"collection":[{"href":"https:\/\/www.luxuryevent.be\/en\/wp-json\/wp\/v2\/product"}],"about":[{"href":"https:\/\/www.luxuryevent.be\/en\/wp-json\/wp\/v2\/types\/product"}],"replies":[{"embeddable":true,"href":"https:\/\/www.luxuryevent.be\/en\/wp-json\/wp\/v2\/comments?post=15093"}],"version-history":[{"count":1,"href":"https:\/\/www.luxuryevent.be\/en\/wp-json\/wp\/v2\/product\/15093\/revisions"}],"predecessor-version":[{"id":15094,"href":"https:\/\/www.luxuryevent.be\/en\/wp-json\/wp\/v2\/product\/15093\/revisions\/15094"}],"wp:featuredmedia":[{"embeddable":true,"href":"https:\/\/www.luxuryevent.be\/en\/wp-json\/wp\/v2\/media\/15084"}],"wp:attachment":[{"href":"https:\/\/www.luxuryevent.be\/en\/wp-json\/wp\/v2\/media?parent=15093"}],"wp:term":[{"taxonomy":"product_cat","embeddable":true,"href":"https:\/\/www.luxuryevent.be\/en\/wp-json\/wp\/v2\/product_cat?post=15093"},{"taxonomy":"product_tag","embeddable":true,"href":"https:\/\/www.luxuryevent.be\/en\/wp-json\/wp\/v2\/product_tag?post=15093"}],"curies":[{"name":"wp","href":"https:\/\/api.w.org\/{rel}","templated":true}]}}