{"id":13760,"date":"2024-06-05T09:44:05","date_gmt":"2024-06-05T09:44:05","guid":{"rendered":"https:\/\/www.luxuryevent.be\/?post_type=product&#038;p=13760"},"modified":"2024-06-24T12:55:57","modified_gmt":"2024-06-24T12:55:57","slug":"lumiere-54-led","status":"publish","type":"product","link":"https:\/\/www.luxuryevent.be\/en\/product\/lumiere-54-led\/","title":{"rendered":"54 LED light"},"content":{"rendered":"<p><strong>LuxuryEvent<\/strong> is your number one choice for exceptional events. Specialising in <strong>lighting rental<\/strong>We turn birthday parties, family reunions, religious celebrations and weddings into memorable experiences. Choose our&nbsp;<strong>light and lighting hire <\/strong>for a day full of light.<\/p>\n<table id=\"product-attribute-specs-table\" class=\"prodItem__additional-table mce-item-table\" width=\"584\" style=\"height: 159px;\" data-mce-style=\"height: 159px;\" data-mce-selected=\"1\">\n<tbody>\n<tr>\n<td><strong>Additional description<\/strong><\/td>\n<td>54 led<br \/>1W RGB (3 in 1)<br \/>25 degree angle<\/td>\n<\/tr>\n<tr>\n<td><strong>Product dimensions<\/strong><\/td>\n<td>H 19.5 cm x W 21.5 cm x D 25 cm<\/td>\n<\/tr>\n<tr>\n<td><strong>Net weight<\/strong><\/td>\n<td>1.25 kg<\/td>\n<\/tr>\n<tr>\n<td><strong>Colours<\/strong><\/td>\n<td>Black<\/td>\n<\/tr>\n<\/tbody>\n<\/table>\n<div id=\"mceResizeHandlenw\" data-mce-bogus=\"all\" class=\"mce-resizehandle\" unselectable=\"true\" data-mce-style=\"cursor: nw-resize; margin: 0px; padding: 0px; left: 5.5px; top: 147.5px;\" style=\"cursor: nw-resize; margin: 0px; padding: 0px; left: 5.5px; top: 147.5px;\"><\/div>\n<div id=\"mceResizeHandlene\" data-mce-bogus=\"all\" class=\"mce-resizehandle\" unselectable=\"true\" data-mce-style=\"cursor: ne-resize; margin: 0px; padding: 0px; left: 589.5px; top: 147.5px;\" style=\"cursor: ne-resize; margin: 0px; padding: 0px; left: 589.5px; top: 147.5px;\"><\/div>\n<div id=\"mceResizeHandlese\" data-mce-bogus=\"all\" class=\"mce-resizehandle\" unselectable=\"true\" data-mce-style=\"cursor: se-resize; margin: 0px; padding: 0px; left: 589.5px; top: 315.5px;\" style=\"cursor: se-resize; margin: 0px; padding: 0px; left: 589.5px; top: 315.5px;\"><\/div>\n<div id=\"mceResizeHandlesw\" data-mce-bogus=\"all\" class=\"mce-resizehandle\" unselectable=\"true\" data-mce-style=\"cursor: sw-resize; margin: 0px; padding: 0px; left: 5.5px; top: 315.5px;\" style=\"cursor: sw-resize; margin: 0px; padding: 0px; left: 5.5px; top: 315.5px;\"><\/div>","protected":false},"excerpt":{"rendered":"<p><strong>LuxuryEvent<\/strong> is your number one choice for exceptional events. Specialising in <strong>lighting rental<\/strong>We turn birthday parties, family reunions, religious celebrations and weddings into memorable experiences. Choose our\u00a0<strong>light and lighting hire <\/strong>for a day full of light.<\/p>","protected":false},"featured_media":13778,"comment_status":"open","ping_status":"closed","template":"","meta":{"content-type":""},"product_cat":[76,166],"product_tag":[160],"wcpa_form_fields":{"wcpaData":{"product":{"product_price":25,"price_html":"<span class=\"woocommerce-Price-amount amount\"><bdi><span class=\"woocommerce-Price-currencySymbol\">&euro;<\/span>25.00<\/bdi><\/span> <span class=\"uom\">par jour<\/span>","original_product_price":25,"price_including_tax":25,"price_excluding_tax":25,"product_id":{"parent":13760,"variation":false},"is_variable":false,"stock_status":"instock","stock_quantity":null,"parent_sku":"","product_attributes":{"livraison":{"is_variation":false,"values":["Nous disposons de v\u00e9hicules pour vous livrer dans toute la Belgique en 2 jours"]},"disponibilite":{"is_variation":false,"values":["Votre location est r\u00e9cup\u00e9rable 1 jour avant la date de d\u00e9but de location \u00e0 partir de 14h00."]},"location":{"is_variation":false,"values":["Pour louer vos produits, vous pouvez choisir une date, la quantit\u00e9 et le nombre de jours soit directement via notre boutique en ligne ou en appelant directement le +32 487 102 252"]},"pa_type-de-materiel":{"is_variation":false,"values":["machine"]}},"custom_fields":[],"is_taxable":false,"product_name":"Lumi\u00e8re 54 LED"},"fields":{"sec_869f14b66b9073":{"extra":{"key":"sec_869f14b66b9073","section_id":"sec_869f14b66b9073","name":"Default","status":1,"cl_rule":"show","enableCl":false,"relations":[],"toggle":true,"title_tag":"h3","show_title":false,"showPrice":"default","form_id":5163,"form_rules":{"exclude_from_discount":false,"fee_label":"Fee","disp_hide_options_price":false,"disp_show_section_price":false,"disp_show_field_price":true,"layout_option":"standard","pric_use_as_fee":false,"process_fee_as":"woo_fee"},"layout_option":"standard"},"fields":[[{"type":"date","elementId":"wcpa-date-1715524842551","label":"Date de location","placeholder":"Ex : 20\/05\/2024","pricingType":"fixed","name":"date-1715524842551","min_date":"None","max_date":"None","cl_rule":"show","col":6,"relations":false,"active":true,"tooltip":"","picker_mode":"single","gt_translate_keys":["label","placeholder","tooltip"],"price_dependency":false,"cl_dependency":false,"value":""}],[{"type":"number","elementId":"wcpa-number-1637076052678","label":"Choisir la quantit\u00e9","value":"1","pricingType":"custom","price":"({field.wcpa-number-1636653070036.price}*{value})","min":"1","name":"number-1637076052678","cl_rule":"show","col":6,"relations":false,"active":true,"tooltip":"","gt_translate_keys":["label","value","tooltip"],"price_dependency":["wcpa-number-1636653070036"],"cl_dependency":false}],[{"type":"number","elementId":"wcpa-number-1636653070036","label":"Nombre de jours","value":"1","enablePrice":true,"pricingType":"custom","price":"({product_price}*{value}*{field.wcpa-number-1637076052678.value})-{product_price}","name":"number-1636653070036","cl_rule":"show","col":6,"relations":false,"active":true,"tooltip":"","gt_translate_keys":["label","value","tooltip"],"price_dependency":false,"cl_dependency":false}]]}},"config":{"price_override":"","enable_recaptcha":false,"bind_quantity":false,"quantity_bind_formula":false,"disp_summ_show_option_price":true,"disp_summ_show_product_price":true,"disp_summ_show_total_price":true,"disp_summ_show_fee":false,"disp_summ_show_discount":false,"summary_title":"","options_total_label":"Options Price","total_label":"Total","options_product_label":"Product Price","fee_label":"Fee","discount_label":"Discount","has_price":true,"has_quantity_formula":false},"mc_unit":1,"tax_rate":1,"tax_rate_real":1,"discount":{"percentage":0,"fixed":0},"design":{"conf":{"LabelPosition":"above","DescPosition":"above","UploadField":"custom_1","QuantityFieldStyle":"default"},"css":{"LeftLabelWidth":"120px"}},"formulas":[],"clones":false,"cartKey":false}},"_links":{"self":[{"href":"https:\/\/www.luxuryevent.be\/en\/wp-json\/wp\/v2\/product\/13760"}],"collection":[{"href":"https:\/\/www.luxuryevent.be\/en\/wp-json\/wp\/v2\/product"}],"about":[{"href":"https:\/\/www.luxuryevent.be\/en\/wp-json\/wp\/v2\/types\/product"}],"replies":[{"embeddable":true,"href":"https:\/\/www.luxuryevent.be\/en\/wp-json\/wp\/v2\/comments?post=13760"}],"version-history":[{"count":1,"href":"https:\/\/www.luxuryevent.be\/en\/wp-json\/wp\/v2\/product\/13760\/revisions"}],"predecessor-version":[{"id":13782,"href":"https:\/\/www.luxuryevent.be\/en\/wp-json\/wp\/v2\/product\/13760\/revisions\/13782"}],"wp:featuredmedia":[{"embeddable":true,"href":"https:\/\/www.luxuryevent.be\/en\/wp-json\/wp\/v2\/media\/13778"}],"wp:attachment":[{"href":"https:\/\/www.luxuryevent.be\/en\/wp-json\/wp\/v2\/media?parent=13760"}],"wp:term":[{"taxonomy":"product_cat","embeddable":true,"href":"https:\/\/www.luxuryevent.be\/en\/wp-json\/wp\/v2\/product_cat?post=13760"},{"taxonomy":"product_tag","embeddable":true,"href":"https:\/\/www.luxuryevent.be\/en\/wp-json\/wp\/v2\/product_tag?post=13760"}],"curies":[{"name":"wp","href":"https:\/\/api.w.org\/{rel}","templated":true}]}}