{"id":13244,"date":"2024-05-15T14:21:51","date_gmt":"2024-05-15T14:21:51","guid":{"rendered":"https:\/\/www.luxuryevent.be\/?post_type=product&#038;p=13244"},"modified":"2024-05-29T11:14:13","modified_gmt":"2024-05-29T11:14:13","slug":"hennaya-orientale","status":"publish","type":"product","link":"https:\/\/www.luxuryevent.be\/en\/product\/hennaya-orientale\/","title":{"rendered":"Hennaya Orientale"},"content":{"rendered":"<p>At LuxuryEvent, we're committed to making every event extraordinary and unforgettable. Whether you're planning a lavish wedding, a corporate party or any other special event, our dedicated team is here to meet your every need.<\/p>\n<p>From captivating photography to exhilarating animation, we offer a full range of high-end services to turn your dreams into reality. For more information about our services or to discuss your specific requirements, please contact us today.<\/p>\n<p>Send us a message or call us on +32 465 87 92 94 and let us help you create memories that will last a lifetime. At LuxuryEvent, every detail counts to make your event truly memorable.<\/p>\n<ul>\n<li>WhatsApp - +32 465 87 92 94<\/li>\n<li>Email - contact@luxuryevent.be<\/li>\n<\/ul>","protected":false},"excerpt":{"rendered":"<p>Add a touch of tradition and elegance to your event with our Hennaya Orientale service. Our talented artists embellish your celebrations with artistic motifs and elaborate designs, creating an unforgettable visual experience.<\/p>\n<p>*We adapt to your cultural needs, whether it's for a mixed event, a separate event (men, women) or much more.<\/p>","protected":false},"featured_media":13269,"comment_status":"open","ping_status":"closed","template":"","meta":{"content-type":""},"product_cat":[157],"product_tag":[160],"wcpa_form_fields":{"wcpaData":{"product":{"product_price":200,"price_html":"<span class=\"woocommerce-Price-amount amount\"><bdi><span class=\"woocommerce-Price-currencySymbol\">&euro;<\/span>200.00<\/bdi><\/span> <span class=\"uom\">(par heure)<\/span>","original_product_price":200,"price_including_tax":200,"price_excluding_tax":200,"product_id":{"parent":13244,"variation":false},"is_variable":false,"stock_status":"instock","stock_quantity":null,"parent_sku":"","product_attributes":{"livraison":{"is_variation":false,"values":["Nous disposons de v\u00e9hicules pour vous livrer dans toute la Belgique en 2 jours"]},"disponibilite":{"is_variation":false,"values":["Votre location est r\u00e9cup\u00e9rable 1 jour avant la date de d\u00e9but de location \u00e0 partir de 14h00."]},"location":{"is_variation":false,"values":["Pour louer vos produits, vous pouvez choisir une date, la quantit\u00e9 et le nombre de jours soit directement via notre boutique en ligne ou en appelant directement le +32 487 102 252"]},"pa_type-de-materiel":{"is_variation":false,"values":["machine"]},"pa_couleur":{"is_variation":false,"values":["argente","blanc","bleu","dore","noir"]}},"custom_fields":[],"is_taxable":false,"product_name":"Hennaya Orientale"},"fields":{"sec_269fab8ebdcc3d":{"extra":{"key":"sec_269fab8ebdcc3d","section_id":"sec_269fab8ebdcc3d","name":"Default","status":1,"cl_rule":"show","enableCl":false,"relations":[],"toggle":true,"title_tag":"h3","show_title":false,"showPrice":"default","form_id":13240,"form_rules":{"exclude_from_discount":false,"fee_label":"Fee","disp_hide_options_price":false,"disp_show_section_price":false,"disp_show_field_price":true,"layout_option":"standard","pric_use_as_fee":false,"process_fee_as":"woo_fee"},"layout_option":"standard"},"fields":[[{"type":"datetime-local","elementId":"wcpa-datetime-local-6644c32e20822","label":"Date & Heure de pr\u00e9station ","placeholder":"Ex : 20\/05\/2024","pricingType":"fixed","name":"datetime-local-6644c32e2086a","min_date":"tomorrow","max_date":"None","cl_rule":"show","col":6,"relations":false,"active":true,"tooltip":"","picker_mode":"single","gt_translate_keys":["label","placeholder","tooltip"],"price_dependency":false,"cl_dependency":false,"value":""}],[{"type":"number","elementId":"wcpa-number-6644c32e2089f","label":"Nombre d'heure","value":"1","enablePrice":true,"pricingType":"custom","price":"({product_price}*{value})-{product_price}","name":"number-6644c32e208bd","cl_rule":"show","col":6,"relations":false,"active":true,"tooltip":"","gt_translate_keys":["label","value","tooltip"],"price_dependency":false,"cl_dependency":false}]]}},"config":{"price_override":"","enable_recaptcha":false,"bind_quantity":false,"quantity_bind_formula":false,"disp_summ_show_option_price":true,"disp_summ_show_product_price":true,"disp_summ_show_total_price":true,"disp_summ_show_fee":false,"disp_summ_show_discount":false,"summary_title":"","options_total_label":"Options Price","total_label":"Total","options_product_label":"Product Price","fee_label":"Fee","discount_label":"Discount","has_price":true,"has_quantity_formula":false},"mc_unit":1,"tax_rate":1,"tax_rate_real":1,"discount":{"percentage":0,"fixed":0},"design":{"conf":{"LabelPosition":"above","DescPosition":"above","UploadField":"custom_1","QuantityFieldStyle":"default"},"css":{"LeftLabelWidth":"120px"}},"formulas":[],"clones":false,"cartKey":false}},"_links":{"self":[{"href":"https:\/\/www.luxuryevent.be\/en\/wp-json\/wp\/v2\/product\/13244"}],"collection":[{"href":"https:\/\/www.luxuryevent.be\/en\/wp-json\/wp\/v2\/product"}],"about":[{"href":"https:\/\/www.luxuryevent.be\/en\/wp-json\/wp\/v2\/types\/product"}],"replies":[{"embeddable":true,"href":"https:\/\/www.luxuryevent.be\/en\/wp-json\/wp\/v2\/comments?post=13244"}],"version-history":[{"count":1,"href":"https:\/\/www.luxuryevent.be\/en\/wp-json\/wp\/v2\/product\/13244\/revisions"}],"predecessor-version":[{"id":13271,"href":"https:\/\/www.luxuryevent.be\/en\/wp-json\/wp\/v2\/product\/13244\/revisions\/13271"}],"wp:featuredmedia":[{"embeddable":true,"href":"https:\/\/www.luxuryevent.be\/en\/wp-json\/wp\/v2\/media\/13269"}],"wp:attachment":[{"href":"https:\/\/www.luxuryevent.be\/en\/wp-json\/wp\/v2\/media?parent=13244"}],"wp:term":[{"taxonomy":"product_cat","embeddable":true,"href":"https:\/\/www.luxuryevent.be\/en\/wp-json\/wp\/v2\/product_cat?post=13244"},{"taxonomy":"product_tag","embeddable":true,"href":"https:\/\/www.luxuryevent.be\/en\/wp-json\/wp\/v2\/product_tag?post=13244"}],"curies":[{"name":"wp","href":"https:\/\/api.w.org\/{rel}","templated":true}]}}