{"id":12539,"date":"2024-04-17T10:14:56","date_gmt":"2024-04-17T10:14:56","guid":{"rendered":"https:\/\/www.luxuryevent.be\/?post_type=product&#038;p=12539"},"modified":"2024-07-08T21:50:43","modified_gmt":"2024-07-08T21:50:43","slug":"lettre-geante-m-2","status":"publish","type":"product","link":"https:\/\/www.luxuryevent.be\/en\/product\/letter-geante-m-2\/","title":{"rendered":"Giant letter M"},"content":{"rendered":"<p>LuxuryEvent is your event decoration supplier, whether you want to buy or rent decoration material to start your event, with LuxuryEvent you get the expertise you need<br \/>\nIf you would like more information about our products before ordering - you can reach us by email or WhatsApp<\/p>\n<ul>\n<li>WhatsApp - +32 465 87 92 94<\/li>\n<li>Email - contact@luxuryevent.be<\/li>\n<\/ul>","protected":false},"excerpt":{"rendered":"<p>Discover our giant letter (between 100 cm &amp; 120 cm) for decorating your events, available to order from LuxuryEvent, your supplier of decoration materials specialising in events.<br \/>\nIf you would like more information about our products before ordering - you can reach us by email or WhatsApp<\/p>\n<ul>\n<li>WhatsApp - +32 465 87 92 94<\/li>\n<li>Email - contact@luxuryevent.be<\/li>\n<\/ul>","protected":false},"featured_media":11894,"comment_status":"open","ping_status":"closed","template":"","meta":{"content-type":""},"product_cat":[115],"product_tag":[131],"wcpa_form_fields":{"wcpaData":{"product":{"product_price":95,"price_html":"<span class=\"woocommerce-Price-amount amount\"><bdi><span class=\"woocommerce-Price-currencySymbol\">&euro;<\/span>95.00<\/bdi><\/span> <span class=\"uom\">(prix par unit\u00e9)<\/span>","original_product_price":95,"price_including_tax":95,"price_excluding_tax":95,"product_id":{"parent":12539,"variation":false},"is_variable":false,"stock_status":"instock","stock_quantity":null,"parent_sku":"","product_attributes":{"livraison":{"is_variation":false,"values":["Nous disposons de v\u00e9hicules pour vous livrer dans toute la Belgique et en France"]},"disponibilite":{"is_variation":false,"values":["Votre mat\u00e9riel est disponible en 1 \u00e0 2 semaines"]}},"custom_fields":[],"is_taxable":false,"product_name":"Lettre G\u00e9ante M"},"fields":{"sec_069f290b25308c":{"extra":{"key":"sec_069f290b25308c","section_id":"sec_069f290b25308c","name":"Default","status":1,"cl_rule":"show","enableCl":false,"relations":[],"toggle":true,"title_tag":"h3","show_title":false,"showPrice":"default","form_id":9782,"form_rules":{"exclude_from_discount":false,"fee_label":"Fee","disp_hide_options_price":false,"disp_show_section_price":false,"disp_show_field_price":true,"layout_option":"standard","pric_use_as_fee":false,"process_fee_as":"woo_fee"},"layout_option":"standard"},"fields":[[{"type":"number","elementId":"wcpa-number-652ff7aaa33d1","label":"Choisir la quantit\u00e9","value":"1","enablePrice":true,"pricingType":"custom","price":"({value}*{product_price})-{product_price}","min":"1","name":"number-652ff7aaa33d1","cl_rule":"show","col":6,"relations":false,"active":true,"tooltip":"","gt_translate_keys":["label","value","tooltip"],"price_dependency":false,"cl_dependency":false}]]}},"config":{"price_override":"","enable_recaptcha":false,"bind_quantity":false,"quantity_bind_formula":false,"disp_summ_show_option_price":true,"disp_summ_show_product_price":true,"disp_summ_show_total_price":true,"disp_summ_show_fee":false,"disp_summ_show_discount":false,"summary_title":"","options_total_label":"Options Price","total_label":"Total","options_product_label":"Product Price","fee_label":"Fee","discount_label":"Discount","has_price":true,"has_quantity_formula":false},"mc_unit":1,"tax_rate":1,"tax_rate_real":1,"discount":{"percentage":0,"fixed":0},"design":{"conf":{"LabelPosition":"above","DescPosition":"above","UploadField":"custom_1","QuantityFieldStyle":"default"},"css":{"LeftLabelWidth":"120px"}},"formulas":[],"clones":false,"cartKey":false}},"_links":{"self":[{"href":"https:\/\/www.luxuryevent.be\/en\/wp-json\/wp\/v2\/product\/12539"}],"collection":[{"href":"https:\/\/www.luxuryevent.be\/en\/wp-json\/wp\/v2\/product"}],"about":[{"href":"https:\/\/www.luxuryevent.be\/en\/wp-json\/wp\/v2\/types\/product"}],"replies":[{"embeddable":true,"href":"https:\/\/www.luxuryevent.be\/en\/wp-json\/wp\/v2\/comments?post=12539"}],"version-history":[{"count":1,"href":"https:\/\/www.luxuryevent.be\/en\/wp-json\/wp\/v2\/product\/12539\/revisions"}],"predecessor-version":[{"id":12576,"href":"https:\/\/www.luxuryevent.be\/en\/wp-json\/wp\/v2\/product\/12539\/revisions\/12576"}],"wp:featuredmedia":[{"embeddable":true,"href":"https:\/\/www.luxuryevent.be\/en\/wp-json\/wp\/v2\/media\/11894"}],"wp:attachment":[{"href":"https:\/\/www.luxuryevent.be\/en\/wp-json\/wp\/v2\/media?parent=12539"}],"wp:term":[{"taxonomy":"product_cat","embeddable":true,"href":"https:\/\/www.luxuryevent.be\/en\/wp-json\/wp\/v2\/product_cat?post=12539"},{"taxonomy":"product_tag","embeddable":true,"href":"https:\/\/www.luxuryevent.be\/en\/wp-json\/wp\/v2\/product_tag?post=12539"}],"curies":[{"name":"wp","href":"https:\/\/api.w.org\/{rel}","templated":true}]}}