{"id":10648,"date":"2023-12-13T11:05:04","date_gmt":"2023-12-13T11:05:04","guid":{"rendered":"https:\/\/www.luxuryevent.be\/?post_type=product&#038;p=10648"},"modified":"2024-05-25T16:47:54","modified_gmt":"2024-05-25T16:47:54","slug":"fontaine-a-boisson-2-x-8-l","status":"publish","type":"product","link":"https:\/\/www.luxuryevent.be\/en\/product\/fontaine-a-boisson-2-x-8-l\/","title":{"rendered":"Drink fountain - 2 x 8 l"},"content":{"rendered":"<p class=\"product-description__text\" data-v-29c780c7=\"\">This drinks dispenser is made entirely from robust materials that won't affect the taste. Its two cylindrical containers with a diameter of 220 mm sit firmly on their respective feet, and can be lifted and transported with ease using their respective side handles. As the containers are made of robust, transparent plastic, customers will immediately recognise the drink on offer, and you'll always know when it's time to fill up. What's more, refilling is simple and mess-free once the lids have been removed. All the materials used in the juice dispenser are highly scratch-resistant and easy to clean.<\/p>\n<ul class=\"product__highlights list-inside leading-relaxed pl-2\">\n<li>Large containers - voluminous 2 x 8 l juice dispenser<\/li>\n<li>Visibility - clear plastic for easy viewing of contents<\/li>\n<li>Purity - leak-proof ice cube containers prevent drinks from being diluted<\/li>\n<li>Cleanliness - immaculate worktop thanks to removable drip trays<\/li>\n<li>Simplicity - two easy-to-operate taps for precise dosing<\/li>\n<\/ul>","protected":false},"excerpt":{"rendered":"<ul class=\"product__highlights list-inside leading-relaxed pl-2\">\n<li>Large containers - voluminous 2 x 8 l juice dispenser<\/li>\n<li>Visibility - clear plastic for easy viewing of contents<\/li>\n<li>Purity - leak-proof ice cube containers prevent drinks from being diluted<\/li>\n<li>Cleanliness - immaculate worktop thanks to removable drip trays<\/li>\n<li>Simplicity - two easy-to-operate taps for precise dosing<\/li>\n<\/ul>","protected":false},"featured_media":10680,"comment_status":"open","ping_status":"closed","template":"","meta":{"content-type":""},"product_cat":[76],"product_tag":[160],"wcpa_form_fields":{"wcpaData":{"product":{"product_price":42,"price_html":"<span class=\"woocommerce-Price-amount amount\"><bdi><span class=\"woocommerce-Price-currencySymbol\">&euro;<\/span>42.00<\/bdi><\/span> <span class=\"uom\">par jour<\/span>","original_product_price":42,"price_including_tax":42,"price_excluding_tax":42,"product_id":{"parent":10648,"variation":false},"is_variable":false,"stock_status":"instock","stock_quantity":null,"parent_sku":"","product_attributes":{"livraison":{"is_variation":false,"values":["Nous disposons de v\u00e9hicules pour vous livrer dans toute la Belgique en 2 jours"]},"disponibilite":{"is_variation":false,"values":["Votre location est r\u00e9cup\u00e9rable 1 jour avant la date de d\u00e9but de location \u00e0 partir de 14h00."]},"location":{"is_variation":false,"values":["Pour louer vos produits, vous pouvez choisir une date, la quantit\u00e9 et le nombre de jours soit directement via notre boutique en ligne ou en appelant directement le +32 487 102 252"]},"pa_type-de-materiel":{"is_variation":false,"values":["machine"]},"pa_couleur":{"is_variation":false,"values":["argente","blanc","bleu","dore","noir"]}},"custom_fields":[],"is_taxable":false,"product_name":"Fontaine \u00e0 boisson - 2 x 8 l"},"fields":{"sec_769f1afc938767":{"extra":{"key":"sec_769f1afc938767","section_id":"sec_769f1afc938767","name":"Standaard","status":1,"cl_rule":"show","enableCl":false,"relations":[],"toggle":true,"title_tag":"h3","show_title":false,"showPrice":"default","form_id":5163,"form_rules":{"exclude_from_discount":false,"fee_label":"Vergoeding","disp_hide_options_price":false,"disp_show_section_price":false,"disp_show_field_price":true,"layout_option":"standard","pric_use_as_fee":false,"process_fee_as":"woo_fee"},"layout_option":"standard"},"fields":[[{"type":"date","elementId":"wcpa-date-1715524842551","label":"Date de location","placeholder":"Ex : 20\/05\/2024","pricingType":"fixed","name":"date-1715524842551","min_date":"None","max_date":"None","cl_rule":"show","col":6,"relations":false,"active":true,"tooltip":"","picker_mode":"single","gt_translate_keys":["label","placeholder","tooltip"],"price_dependency":false,"cl_dependency":false,"value":""}],[{"type":"number","elementId":"wcpa-number-1637076052678","label":"Choisir la quantit\u00e9","value":"1","pricingType":"custom","price":"({field.wcpa-number-1636653070036.price}*{value})","min":"1","name":"number-1637076052678","cl_rule":"show","col":6,"relations":false,"active":true,"tooltip":"","gt_translate_keys":["label","value","tooltip"],"price_dependency":["wcpa-number-1636653070036"],"cl_dependency":false}],[{"type":"number","elementId":"wcpa-number-1636653070036","label":"Nombre de jours","value":"1","enablePrice":true,"pricingType":"custom","price":"({product_price}*{value}*{field.wcpa-number-1637076052678.value})-{product_price}","name":"number-1636653070036","cl_rule":"show","col":6,"relations":false,"active":true,"tooltip":"","gt_translate_keys":["label","value","tooltip"],"price_dependency":false,"cl_dependency":false}]]}},"config":{"price_override":"","enable_recaptcha":false,"bind_quantity":false,"quantity_bind_formula":false,"disp_summ_show_option_price":true,"disp_summ_show_product_price":true,"disp_summ_show_total_price":true,"disp_summ_show_fee":false,"disp_summ_show_discount":false,"summary_title":"","options_total_label":"Prijs opties","total_label":"Totaal","options_product_label":"Product Prijs","fee_label":"Vergoeding","discount_label":"Korting","has_price":true,"has_quantity_formula":false},"mc_unit":1,"tax_rate":1,"tax_rate_real":1,"discount":{"percentage":0,"fixed":0},"design":{"conf":{"LabelPosition":"above","DescPosition":"above","UploadField":"custom_1","QuantityFieldStyle":"default"},"css":{"LeftLabelWidth":"120px"}},"formulas":[],"clones":false,"cartKey":false}},"_links":{"self":[{"href":"https:\/\/www.luxuryevent.be\/en\/wp-json\/wp\/v2\/product\/10648"}],"collection":[{"href":"https:\/\/www.luxuryevent.be\/en\/wp-json\/wp\/v2\/product"}],"about":[{"href":"https:\/\/www.luxuryevent.be\/en\/wp-json\/wp\/v2\/types\/product"}],"replies":[{"embeddable":true,"href":"https:\/\/www.luxuryevent.be\/en\/wp-json\/wp\/v2\/comments?post=10648"}],"version-history":[{"count":1,"href":"https:\/\/www.luxuryevent.be\/en\/wp-json\/wp\/v2\/product\/10648\/revisions"}],"predecessor-version":[{"id":10705,"href":"https:\/\/www.luxuryevent.be\/en\/wp-json\/wp\/v2\/product\/10648\/revisions\/10705"}],"wp:featuredmedia":[{"embeddable":true,"href":"https:\/\/www.luxuryevent.be\/en\/wp-json\/wp\/v2\/media\/10680"}],"wp:attachment":[{"href":"https:\/\/www.luxuryevent.be\/en\/wp-json\/wp\/v2\/media?parent=10648"}],"wp:term":[{"taxonomy":"product_cat","embeddable":true,"href":"https:\/\/www.luxuryevent.be\/en\/wp-json\/wp\/v2\/product_cat?post=10648"},{"taxonomy":"product_tag","embeddable":true,"href":"https:\/\/www.luxuryevent.be\/en\/wp-json\/wp\/v2\/product_tag?post=10648"}],"curies":[{"name":"wp","href":"https:\/\/api.w.org\/{rel}","templated":true}]}}